{"id":3001,"date":"2025-01-09T07:09:43","date_gmt":"2025-01-09T06:09:43","guid":{"rendered":"https:\/\/claudius-therme.de\/aquafit-childrens-swimming-courses\/"},"modified":"2026-02-11T15:11:29","modified_gmt":"2026-02-11T14:11:29","slug":"aquafit-childrens-swimming-courses","status":"publish","type":"page","link":"https:\/\/www.claudius-therme.de\/en\/aquafit-childrens-swimming-courses\/","title":{"rendered":"Aquafit &amp; children&#8217;s swimming courses"},"content":{"rendered":"\n<div class=\"ce-section px-3 text-blue-d bg-gray-m text-left\" id=\"\">\n  <div class=\"container grid grid-cols-6\">\n        <div class=\"col-span-6 md:col-span-4 flex flex-col gap-5 \">\n              <h1 class=\"hl-3\">Aquafit &amp; children&#8217;s swimming courses<\/h1>\n                    <h2 class=\"tx-8\">Book your place now<\/h2>\n                <\/div>\n\n  <\/div>\n<\/div>\n\n\n\n<div class=\"ce-section px-3  bg-gray-m text-blue-d \">\n  <div class=\"container\">\n        <div class=\"grid grids-cols-1 md:grid-cols-2 lg:grid-cols-2 gap-6 justify-center \">\n      \n                <article class=\"teasercard_ w-full  overflow-hidden flex flex-col-reverse delay-[300ms] duration-[600ms] taos:scale-[0.9] taos:opacity-0 [animation-iteration-count:infinite]\" data-taos-offset=\"0\">\n\n          <div class=\"py-6 flex flex-col gap-3  justify-between h-full\">\n            <div class=\"flex flex-col gap-3 \">\n              <h4 class=\"hl-4  my-0\">Aquafit &amp; children&#8217;s swimming courses <\/h4>\n                              <div class=\"tx-3  my-0 wysiwyg-content-text\"><p>With its Aquafit prevention course, the Claudius Therme offers visitors a course that helps to prevent and reduce health risks and is also subsidised by statutory health insurance companies. We offer various course times and you can register for them online. <\/p>\n<\/div>\n                          <\/div>\n                      <\/div>\n                     \n            <div class=\"w-full aspect-[1\/1]\">\n              <img decoding=\"async\" width=\"829\" height=\"829\" src=\"https:\/\/www.claudius-therme.de\/app\/uploads\/2025\/02\/Aquafit-ball-aspect-ratio-900-900.jpg\" class=\"w-full h-full object-cover position-center\" alt=\"EIne Trainerin steht am Rand eines Schwimmbeckens und macht eine \u00dcbung mit Gymnastikb\u00e4llen vor. Im Becken sieht man einige Menschen, die die \u00dcbung nachmachen\" srcset=\"https:\/\/www.claudius-therme.de\/app\/uploads\/2025\/02\/Aquafit-ball-aspect-ratio-900-900.jpg 829w, https:\/\/www.claudius-therme.de\/app\/uploads\/2025\/02\/Aquafit-ball-aspect-ratio-900-900-300x300.jpg 300w, https:\/\/www.claudius-therme.de\/app\/uploads\/2025\/02\/Aquafit-ball-aspect-ratio-900-900-150x150.jpg 150w, https:\/\/www.claudius-therme.de\/app\/uploads\/2025\/02\/Aquafit-ball-aspect-ratio-900-900-768x768.jpg 768w\" sizes=\"(max-width: 829px) 100vw, 829px\" \/>            <\/div>\n                  <\/article>\n\n      \n                <article class=\"teasercard_ w-full  overflow-hidden flex flex-col-reverse delay-[300ms] duration-[600ms] taos:scale-[0.9] taos:opacity-0 [animation-iteration-count:infinite]\" data-taos-offset=\"0\">\n\n          <div class=\"py-6 flex flex-col gap-3  justify-between h-full\">\n            <div class=\"flex flex-col gap-3 \">\n              <h4 class=\"hl-4  my-0\">Swimming lessons for children (6-7 years).<\/h4>\n                              <div class=\"tx-3  my-0 wysiwyg-content-text\"><p>The next swimming course for children starts <strong>on 16. april 2025<\/strong>.<\/p>\n<p>The course fee is \u20ac 216.00 for 12 units. The dates can be booked online.<\/p>\n<\/div>\n                          <\/div>\n                      <\/div>\n                     \n            <div class=\"w-full aspect-[1\/1]\">\n              <img decoding=\"async\" width=\"400\" height=\"400\" src=\"https:\/\/www.claudius-therme.de\/app\/uploads\/2025\/02\/Aktuelles_Schwimmkurs-aspect-ratio-900-900.jpg\" class=\"w-full h-full object-cover position-center\" alt=\"Zwei lachende Kinder mit Schwimmm\u00fctzen und Schwimmbrillen halten sich in einem Schwimmbecken am Rand fest\" srcset=\"https:\/\/www.claudius-therme.de\/app\/uploads\/2025\/02\/Aktuelles_Schwimmkurs-aspect-ratio-900-900.jpg 400w, https:\/\/www.claudius-therme.de\/app\/uploads\/2025\/02\/Aktuelles_Schwimmkurs-aspect-ratio-900-900-300x300.jpg 300w, https:\/\/www.claudius-therme.de\/app\/uploads\/2025\/02\/Aktuelles_Schwimmkurs-aspect-ratio-900-900-150x150.jpg 150w\" sizes=\"(max-width: 400px) 100vw, 400px\" \/>            <\/div>\n                  <\/article>\n\n          <\/div>\n  <\/div>\n<\/div>\n\n\n\n\n<div class=\"ce-section aquafit bg-gray-m py-4\">\n  <\/link>\n  <div class=\"container py-8 px-4 xl:px-0\">\n\n    <script type=\"text\/javascript\" src=\"https:\/\/kurse.ct.sparkleapp.sparkle.plus\/spkl-kurse-app.php?apikey=pfCbbEYmrwDBOV1iswIivbWyOLrarq0n&#038;language=en\"><\/script>\n    <\/p>\n    <div id=\"spkl-app\"> <\/div>\n\n  <\/div>\n<\/div>\n\n\n\n","protected":false},"excerpt":{"rendered":"","protected":false},"author":1,"featured_media":0,"parent":0,"menu_order":0,"comment_status":"closed","ping_status":"closed","template":"","meta":{"_acf_changed":false,"footnotes":""},"class_list":["post-3001","page","type-page","status-publish","hentry"],"acf":[],"yoast_head":"<!-- This site is optimized with the Yoast SEO plugin v27.2 - https:\/\/yoast.com\/product\/yoast-seo-wordpress\/ -->\n<title>Aquafit &amp; children&#039;s swimming courses | Claudius Therme K\u00f6ln<\/title>\n<meta name=\"description\" content=\"Take part in our Aquafit prevention course, which prevents health risks. Subsidized by statutory health insurance companies.\" \/>\n<meta name=\"robots\" content=\"index, follow, max-snippet:-1, max-image-preview:large, max-video-preview:-1\" \/>\n<link rel=\"canonical\" href=\"https:\/\/www.claudius-therme.de\/en\/aquafit-childrens-swimming-courses\/\" \/>\n<meta property=\"og:locale\" content=\"en_US\" \/>\n<meta property=\"og:type\" content=\"article\" \/>\n<meta property=\"og:title\" content=\"Aquafit &amp; children&#039;s swimming courses | Claudius Therme K\u00f6ln\" \/>\n<meta property=\"og:description\" content=\"Take part in our Aquafit prevention course, which prevents health risks. Subsidized by statutory health insurance companies.\" \/>\n<meta property=\"og:url\" content=\"https:\/\/www.claudius-therme.de\/en\/aquafit-childrens-swimming-courses\/\" \/>\n<meta property=\"og:site_name\" content=\"Claudius Therme K\u00f6ln\" \/>\n<meta property=\"article:modified_time\" content=\"2026-02-11T14:11:29+00:00\" \/>\n<meta name=\"twitter:card\" content=\"summary_large_image\" \/>\n<script type=\"application\/ld+json\" class=\"yoast-schema-graph\">{\"@context\":\"https:\/\/schema.org\",\"@graph\":[{\"@type\":\"WebPage\",\"@id\":\"https:\/\/www.claudius-therme.de\/en\/aquafit-childrens-swimming-courses\/\",\"url\":\"https:\/\/www.claudius-therme.de\/en\/aquafit-childrens-swimming-courses\/\",\"name\":\"Aquafit &amp; children's swimming courses | Claudius Therme K\u00f6ln\",\"isPartOf\":{\"@id\":\"https:\/\/www.claudius-therme.de\/en\/#website\"},\"datePublished\":\"2025-01-09T06:09:43+00:00\",\"dateModified\":\"2026-02-11T14:11:29+00:00\",\"description\":\"Take part in our Aquafit prevention course, which prevents health risks. Subsidized by statutory health insurance companies.\",\"breadcrumb\":{\"@id\":\"https:\/\/www.claudius-therme.de\/en\/aquafit-childrens-swimming-courses\/#breadcrumb\"},\"inLanguage\":\"en-US\",\"potentialAction\":[{\"@type\":\"ReadAction\",\"target\":[\"https:\/\/www.claudius-therme.de\/en\/aquafit-childrens-swimming-courses\/\"]}]},{\"@type\":\"BreadcrumbList\",\"@id\":\"https:\/\/www.claudius-therme.de\/en\/aquafit-childrens-swimming-courses\/#breadcrumb\",\"itemListElement\":[{\"@type\":\"ListItem\",\"position\":1,\"name\":\"Startseite\",\"item\":\"https:\/\/www.claudius-therme.de\/en\/\"},{\"@type\":\"ListItem\",\"position\":2,\"name\":\"Aquafit &amp; children&#8217;s swimming courses\"}]},{\"@type\":\"WebSite\",\"@id\":\"https:\/\/www.claudius-therme.de\/en\/#website\",\"url\":\"https:\/\/www.claudius-therme.de\/en\/\",\"name\":\"Claudius Therme K\u00f6ln | Wellness mit Blick auf den Dom\",\"description\":\"\",\"potentialAction\":[{\"@type\":\"SearchAction\",\"target\":{\"@type\":\"EntryPoint\",\"urlTemplate\":\"https:\/\/www.claudius-therme.de\/en\/?s={search_term_string}\"},\"query-input\":{\"@type\":\"PropertyValueSpecification\",\"valueRequired\":true,\"valueName\":\"search_term_string\"}}],\"inLanguage\":\"en-US\"}]}<\/script>\n<!-- \/ Yoast SEO plugin. -->","yoast_head_json":{"title":"Aquafit &amp; children's swimming courses | Claudius Therme K\u00f6ln","description":"Take part in our Aquafit prevention course, which prevents health risks. Subsidized by statutory health insurance companies.","robots":{"index":"index","follow":"follow","max-snippet":"max-snippet:-1","max-image-preview":"max-image-preview:large","max-video-preview":"max-video-preview:-1"},"canonical":"https:\/\/www.claudius-therme.de\/en\/aquafit-childrens-swimming-courses\/","og_locale":"en_US","og_type":"article","og_title":"Aquafit &amp; children's swimming courses | Claudius Therme K\u00f6ln","og_description":"Take part in our Aquafit prevention course, which prevents health risks. Subsidized by statutory health insurance companies.","og_url":"https:\/\/www.claudius-therme.de\/en\/aquafit-childrens-swimming-courses\/","og_site_name":"Claudius Therme K\u00f6ln","article_modified_time":"2026-02-11T14:11:29+00:00","twitter_card":"summary_large_image","schema":{"@context":"https:\/\/schema.org","@graph":[{"@type":"WebPage","@id":"https:\/\/www.claudius-therme.de\/en\/aquafit-childrens-swimming-courses\/","url":"https:\/\/www.claudius-therme.de\/en\/aquafit-childrens-swimming-courses\/","name":"Aquafit &amp; children's swimming courses | Claudius Therme K\u00f6ln","isPartOf":{"@id":"https:\/\/www.claudius-therme.de\/en\/#website"},"datePublished":"2025-01-09T06:09:43+00:00","dateModified":"2026-02-11T14:11:29+00:00","description":"Take part in our Aquafit prevention course, which prevents health risks. Subsidized by statutory health insurance companies.","breadcrumb":{"@id":"https:\/\/www.claudius-therme.de\/en\/aquafit-childrens-swimming-courses\/#breadcrumb"},"inLanguage":"en-US","potentialAction":[{"@type":"ReadAction","target":["https:\/\/www.claudius-therme.de\/en\/aquafit-childrens-swimming-courses\/"]}]},{"@type":"BreadcrumbList","@id":"https:\/\/www.claudius-therme.de\/en\/aquafit-childrens-swimming-courses\/#breadcrumb","itemListElement":[{"@type":"ListItem","position":1,"name":"Startseite","item":"https:\/\/www.claudius-therme.de\/en\/"},{"@type":"ListItem","position":2,"name":"Aquafit &amp; children&#8217;s swimming courses"}]},{"@type":"WebSite","@id":"https:\/\/www.claudius-therme.de\/en\/#website","url":"https:\/\/www.claudius-therme.de\/en\/","name":"Claudius Therme K\u00f6ln | Wellness mit Blick auf den Dom","description":"","potentialAction":[{"@type":"SearchAction","target":{"@type":"EntryPoint","urlTemplate":"https:\/\/www.claudius-therme.de\/en\/?s={search_term_string}"},"query-input":{"@type":"PropertyValueSpecification","valueRequired":true,"valueName":"search_term_string"}}],"inLanguage":"en-US"}]}},"_links":{"self":[{"href":"https:\/\/www.claudius-therme.de\/en\/wp-json\/wp\/v2\/pages\/3001","targetHints":{"allow":["GET"]}}],"collection":[{"href":"https:\/\/www.claudius-therme.de\/en\/wp-json\/wp\/v2\/pages"}],"about":[{"href":"https:\/\/www.claudius-therme.de\/en\/wp-json\/wp\/v2\/types\/page"}],"author":[{"embeddable":true,"href":"https:\/\/www.claudius-therme.de\/en\/wp-json\/wp\/v2\/users\/1"}],"replies":[{"embeddable":true,"href":"https:\/\/www.claudius-therme.de\/en\/wp-json\/wp\/v2\/comments?post=3001"}],"version-history":[{"count":3,"href":"https:\/\/www.claudius-therme.de\/en\/wp-json\/wp\/v2\/pages\/3001\/revisions"}],"predecessor-version":[{"id":7825,"href":"https:\/\/www.claudius-therme.de\/en\/wp-json\/wp\/v2\/pages\/3001\/revisions\/7825"}],"wp:attachment":[{"href":"https:\/\/www.claudius-therme.de\/en\/wp-json\/wp\/v2\/media?parent=3001"}],"curies":[{"name":"wp","href":"https:\/\/api.w.org\/{rel}","templated":true}]}}