{"id":3085,"date":"2024-08-26T16:35:36","date_gmt":"2024-08-26T14:35:36","guid":{"rendered":"https:\/\/claudius-therme.de\/contact-directions\/"},"modified":"2025-04-27T08:25:19","modified_gmt":"2025-04-27T06:25:19","slug":"contact-directions","status":"publish","type":"page","link":"https:\/\/www.claudius-therme.de\/en\/contact-directions\/","title":{"rendered":"Contact &amp; route"},"content":{"rendered":"\n<div class=\"ce-section px-3 text-blue-d bg-gray-m text-left\" id=\"\">\n  <div class=\"container grid grid-cols-6\">\n        <div class=\"col-span-6 md:col-span-4 flex flex-col gap-5 \">\n              <h1 class=\"hl-3\">Contact us<\/h1>\n                      <\/div>\n\n  <\/div>\n<\/div>\n\n\n\n\n<div class=\"ce-section bg-gray-m py-4 !-mt-16 lg:!-mt-32\">\n  <div class=\"container pt-8 px-4 xl:px-0\">\n    <div class=\"grid grid-cols-8 gap-6\">\n              <div class=\" col-span-8 sm:col-span-4 lg:col-span-2\">\n          <div class=\"bg-white shadow-xl p-4 h-full flex flex-col justify-between rounded  delay-[300ms] duration-[300ms] taos:scale-[0.8] taos:opacity-0 [animation-iteration-count:infinite]\" data-taos-offset=\"0\">\n            <div>\n              <div class=\"w-[calc(100%+32px)] aspect-[16\/9] -mt-4 -mx-4 mb-4 \">\n                <img decoding=\"async\" width=\"1024\" height=\"576\" src=\"https:\/\/www.claudius-therme.de\/app\/uploads\/2025\/01\/Kelosauna-scaled-aspect-ratio-1600-900-1024x576.jpg\" class=\"w-full h-full object-cover position-center rounded-t-md\" alt=\"Eine lachende Frau mit langen, lockigen Haaren genie\u00dft einen Saunaaufguss. Sie ist in ein wei\u00dfes Handtuch gewickelt. Im Hintergrund ist ein gro\u00dfer Saunaofen zu sehen, hinter dem ein junger Mann mit einem wei\u00dfen Handtuch wedelt\" srcset=\"https:\/\/www.claudius-therme.de\/app\/uploads\/2025\/01\/Kelosauna-scaled-aspect-ratio-1600-900-1024x576.jpg 1024w, https:\/\/www.claudius-therme.de\/app\/uploads\/2025\/01\/Kelosauna-scaled-aspect-ratio-1600-900-300x169.jpg 300w, https:\/\/www.claudius-therme.de\/app\/uploads\/2025\/01\/Kelosauna-scaled-aspect-ratio-1600-900-768x432.jpg 768w, https:\/\/www.claudius-therme.de\/app\/uploads\/2025\/01\/Kelosauna-scaled-aspect-ratio-1600-900-1536x863.jpg 1536w, https:\/\/www.claudius-therme.de\/app\/uploads\/2025\/01\/Kelosauna-scaled-aspect-ratio-1600-900-1000x562.jpg 1000w, https:\/\/www.claudius-therme.de\/app\/uploads\/2025\/01\/Kelosauna-scaled-aspect-ratio-1600-900-1600x900.jpg 1600w, https:\/\/www.claudius-therme.de\/app\/uploads\/2025\/01\/Kelosauna-scaled-aspect-ratio-1600-900.jpg 1950w\" sizes=\"(max-width: 1024px) 100vw, 1024px\" \/>              <\/div>\n                              <h4 class=\"hl-4 text-brown-m mb-4\">Thermal bath &#038; sauna<\/h4>\n                                            <p class=\"tx-3 text-blue-d pr-1\">Daily<\/p>\n                                            <p class=\"tx-6 text-blue-d pr-1\">9:00 to 24:00<\/p>\n                                            <p class=\"tx-3 text-blue-d pr-1 my-4\">Even on Sundays and public holidays.<\/p>\n                                            <p class=\"tx-3 font-bold text-blue-d pr-1 my-4\">Last entry 22:30<\/p>\n                          <\/div>\n            <div>\n                                            <div class=\"mt-4\">\n                  <a tabindex=\"0\" href=\"https:\/\/wa.me\/491622081317\" class=\"group btn -border w-full  justify-center\" target=\"_blank\" title=\"WhatsApp schreiben\" aria-label=\"WhatsApp schreiben\">\n                    <span class=\"\"><svg width=\"24\" height=\"24\" viewBox=\"0 0 24 24\" fill=\"none\" xmlns=\"http:\/\/www.w3.org\/2000\/svg\">\n                        <path fill-rule=\"evenodd\" clip-rule=\"evenodd\" d=\"M12.0708 0C15.1357 0.0145483 18.0937 1.2074 20.3062 3.30958C22.572 5.46252 23.8779 8.34937 23.9921 11.4582C24.1036 14.4943 23.0342 17.4766 21.0058 19.7542C18.781 22.2521 15.6865 23.6868 12.3442 23.7819C12.2298 23.7852 12.1154 23.7868 12.0009 23.7868C10.2 23.7868 8.41586 23.3843 6.79983 22.6136L0.518501 23.9983C0.504119 24.0011 0.489277 24.0004 0.475205 23.9964C0.461133 23.9923 0.448234 23.985 0.437574 23.9751C0.426914 23.9651 0.4188 23.9528 0.413903 23.9391C0.409006 23.9254 0.407468 23.9108 0.409413 23.8964L1.4705 17.6015C0.564964 15.9616 0.059553 14.1139 0.00506222 12.2345C-0.0868117 9.05888 1.0745 6.03797 3.27514 3.72813C5.55678 1.33321 8.67258 0 12.0113 0H12.0708ZM12.0039 2.06366C11.9079 2.06367 11.8118 2.06503 11.7158 2.06774C6.24932 2.22317 1.92956 6.75743 2.08638 12.1754C2.13432 13.8297 2.60457 15.4535 3.44632 16.8714L3.62901 17.1788L2.8428 21.4504L7.10776 20.4525L7.42985 20.6187C8.8351 21.3434 10.4097 21.7232 12.0006 21.7232C12.0951 21.7232 12.1899 21.7219 12.2844 21.7192C17.751 21.5637 22.0708 17.0296 21.9139 11.6116C21.7599 6.28926 17.342 2.06366 12.0039 2.06366ZM7.85532 6.14807C8.05586 6.15425 8.25682 6.1599 8.43212 6.17267C8.64639 6.18784 8.88357 6.20511 9.09372 6.70939C9.34315 7.30817 9.88257 8.80309 9.95321 8.95474C10.0239 9.1064 10.0686 9.28234 9.96208 9.47869C9.85553 9.67483 9.80146 9.79781 9.64581 9.96758C9.48994 10.1374 9.31728 10.3473 9.17788 10.4769C9.02223 10.6212 8.86044 10.7783 9.02687 11.0824C9.1932 11.3867 9.76714 12.3828 10.6378 13.2018C11.7568 14.2543 12.6541 14.6016 13.0105 14.7663C13.1391 14.8259 13.246 14.854 13.3393 14.854C13.4676 14.854 13.5701 14.8009 13.668 14.7025C13.8555 14.5142 14.4199 13.8615 14.6575 13.5612C14.7818 13.4041 14.8943 13.3484 15.0165 13.3484C15.1143 13.3484 15.2183 13.3841 15.3398 13.4321C15.6126 13.5402 17.0706 14.3078 17.3671 14.4664C17.6637 14.6248 17.862 14.7057 17.9335 14.8324C18.0049 14.9596 17.9863 15.5574 17.7137 16.2471C17.4412 16.9369 16.191 17.5723 15.6374 17.6051C15.4753 17.6148 15.3158 17.6373 15.1083 17.6373C14.6066 17.6373 13.8243 17.5063 12.0473 16.7478C9.02381 15.4574 7.18781 12.2865 7.04334 12.0828C6.8992 11.8788 5.86408 10.4259 5.9096 8.95621C5.95511 7.48673 6.75547 6.78778 7.04081 6.49734C7.31432 6.21882 7.62775 6.14765 7.83008 6.14765L7.85532 6.14807Z\" fill=\"currentColor\" \/>\n                      <\/svg>Chat on Whatsapp<\/span>\n                  <\/a>\n                <\/div>\n                                          \n                          <\/div>\n\n\n          <\/div>\n        <\/div>\n              <div class=\" col-span-8 sm:col-span-4 lg:col-span-2\">\n          <div class=\"bg-white shadow-xl p-4 h-full flex flex-col justify-between rounded  delay-[300ms] duration-[300ms] taos:scale-[0.8] taos:opacity-0 [animation-iteration-count:infinite]\" data-taos-offset=\"0\">\n            <div>\n              <div class=\"w-[calc(100%+32px)] aspect-[16\/9] -mt-4 -mx-4 mb-4 \">\n                <img decoding=\"async\" width=\"1024\" height=\"576\" src=\"https:\/\/www.claudius-therme.de\/app\/uploads\/2025\/01\/massagepavillon-scaled-aspect-ratio-1600-900-1024x576.jpg\" class=\"w-full h-full object-cover position-center rounded-t-md\" alt=\"Ein junger Mann mit blonden, kurzen Haaren massiert eine Frau mit dunklen Haaren in einem Pavillon. Die Sonne scheint und im Hintergrund sind gr\u00fcne B\u00e4ume und B\u00fcsche zu sehen\" srcset=\"https:\/\/www.claudius-therme.de\/app\/uploads\/2025\/01\/massagepavillon-scaled-aspect-ratio-1600-900-1024x576.jpg 1024w, https:\/\/www.claudius-therme.de\/app\/uploads\/2025\/01\/massagepavillon-scaled-aspect-ratio-1600-900-300x169.jpg 300w, https:\/\/www.claudius-therme.de\/app\/uploads\/2025\/01\/massagepavillon-scaled-aspect-ratio-1600-900-768x432.jpg 768w, https:\/\/www.claudius-therme.de\/app\/uploads\/2025\/01\/massagepavillon-scaled-aspect-ratio-1600-900-1000x563.jpg 1000w, https:\/\/www.claudius-therme.de\/app\/uploads\/2025\/01\/massagepavillon-scaled-aspect-ratio-1600-900.jpg 1477w\" sizes=\"(max-width: 1024px) 100vw, 1024px\" \/>              <\/div>\n                              <h4 class=\"hl-4 text-brown-m mb-4\">Beauty &#038; Wellness<\/h4>\n                                            <p class=\"tx-3 text-blue-d pr-1\">Daily<\/p>\n                                            <p class=\"tx-6 text-blue-d pr-1\">10:30 to 22:00<\/p>\n                                            <p class=\"tx-3 text-blue-d pr-1 my-4\">Even on Sundays and public holidays.<\/p>\n                                        <\/div>\n            <div>\n                                                          <div class=\"mt-4\">\n                  <a tabindex=\"0\" href=\"mailto:wellness@claudius-therme.de\" class=\"group btn -border w-full  justify-center\" target=\"\" title=\"Write E-Mail\" aria-label=\"Write E-Mail\">\n                    <span class=\"\">Write E-Mail<\/span>\n                  <\/a>\n                <\/div>\n                            \n                          <\/div>\n\n\n          <\/div>\n        <\/div>\n              <div class=\" col-span-8 sm:col-span-4 lg:col-span-2\">\n          <div class=\"bg-white shadow-xl p-4 h-full flex flex-col justify-between rounded  delay-[300ms] duration-[300ms] taos:scale-[0.8] taos:opacity-0 [animation-iteration-count:infinite]\" data-taos-offset=\"0\">\n            <div>\n              <div class=\"w-[calc(100%+32px)] aspect-[16\/9] -mt-4 -mx-4 mb-4 \">\n                <img decoding=\"async\" width=\"1024\" height=\"576\" src=\"https:\/\/www.claudius-therme.de\/app\/uploads\/2025\/01\/Hero-Aquafit-aspect-ratio-1600-900-1024x576.jpg\" class=\"w-full h-full object-cover position-center rounded-t-md\" alt=\"Ein Arm unter Wasser mit einer schwarzen Uhr und einem pinken Gummiring in der Hand\" srcset=\"https:\/\/www.claudius-therme.de\/app\/uploads\/2025\/01\/Hero-Aquafit-aspect-ratio-1600-900-1024x576.jpg 1024w, https:\/\/www.claudius-therme.de\/app\/uploads\/2025\/01\/Hero-Aquafit-aspect-ratio-1600-900-300x169.jpg 300w, https:\/\/www.claudius-therme.de\/app\/uploads\/2025\/01\/Hero-Aquafit-aspect-ratio-1600-900-768x432.jpg 768w, https:\/\/www.claudius-therme.de\/app\/uploads\/2025\/01\/Hero-Aquafit-aspect-ratio-1600-900-1000x562.jpg 1000w, https:\/\/www.claudius-therme.de\/app\/uploads\/2025\/01\/Hero-Aquafit-aspect-ratio-1600-900.jpg 1129w\" sizes=\"(max-width: 1024px) 100vw, 1024px\" \/>              <\/div>\n                              <h4 class=\"hl-4 text-brown-m mb-4\">Physiotherapy<\/h4>\n                                            <p class=\"tx-3 text-blue-d pr-1\">Monday &#8211; Friday<\/p>\n                                            <p class=\"tx-6 text-blue-d pr-1\">9:00 to 18:00<\/p>\n                                            <p class=\"tx-3 text-blue-d pr-1 my-4\">Appointments<br\/>9:00 am and 4:00 pm<\/p>\n                                        <\/div>\n            <div>\n                              <div>\n                  <a tabindex=\"0\"  href=\"tel:+49 221 98144-20\" class=\"group btn -textlink -reverse \" target=\"\" title=\"Telefon anrufen\" aria-label=\"Telefon anrufen\">\n                    <span class=\"font-bold\">\n                      <svg class=\"transition-all absolute left-0 z-20 group-hover:-right-2 w-6 \" viewBox=\"0 0 32 32\" xmlns=\"http:\/\/www.w3.org\/2000\/svg\">\n                        <title \/>\n                        <g data-name=\"Layer 20\" id=\"Layer_20\">\n                          <path d=\"M22.48,2.57a6.24,6.24,0,0,0-1.08.1A5.37,5.37,0,0,0,20.24,3a1,1,0,0,0-.59.76L18.36,12a1,1,0,0,0,.42,1,5.58,5.58,0,0,0,1.42.88,12,12,0,0,1-5.29,5.29,5.61,5.61,0,0,0-.9-1.46,1,1,0,0,0-1-.38L4.88,18.55a1,1,0,0,0-.76.59,5.33,5.33,0,0,0-.35,1.16,6.23,6.23,0,0,0-.1,1.07,5.86,5.86,0,0,0,5.86,5.86A18.83,18.83,0,0,0,28.33,8.42,5.86,5.86,0,0,0,22.48,2.57Zm-13,22.66a3.86,3.86,0,0,1-3.86-3.86,4.2,4.2,0,0,1,.07-.72c0-.08,0-.15,0-.23l7-1.1a3.93,3.93,0,0,1,.53,1.34,1.11,1.11,0,0,0,.05.18,1,1,0,0,0,1.21.59l.15-.06a14,14,0,0,0,7.74-7.73,1,1,0,0,0-.71-1.44,3.74,3.74,0,0,1-1.34-.53l1.1-7,.22,0a4.22,4.22,0,0,1,.73-.07,3.86,3.86,0,0,1,3.86,3.86A16.83,16.83,0,0,1,9.52,25.23Z\" \/>\n                        <\/g>\n                      <\/svg>+49 221 98144-20                    <\/span>\n                  <\/a>\n                <\/div>\n                                            <div class=\"mt-4\">\n                  <a tabindex=\"0\" href=\"https:\/\/api.whatsapp.com\/send\/?phone=491622081320&#038;text&#038;type=phone_number&#038;app_absent=0\" class=\"group btn -border w-full  justify-center\" target=\"_blank\" title=\"WhatsApp schreiben\" aria-label=\"WhatsApp schreiben\">\n                    <span class=\"\"><svg width=\"24\" height=\"24\" viewBox=\"0 0 24 24\" fill=\"none\" xmlns=\"http:\/\/www.w3.org\/2000\/svg\">\n                        <path fill-rule=\"evenodd\" clip-rule=\"evenodd\" d=\"M12.0708 0C15.1357 0.0145483 18.0937 1.2074 20.3062 3.30958C22.572 5.46252 23.8779 8.34937 23.9921 11.4582C24.1036 14.4943 23.0342 17.4766 21.0058 19.7542C18.781 22.2521 15.6865 23.6868 12.3442 23.7819C12.2298 23.7852 12.1154 23.7868 12.0009 23.7868C10.2 23.7868 8.41586 23.3843 6.79983 22.6136L0.518501 23.9983C0.504119 24.0011 0.489277 24.0004 0.475205 23.9964C0.461133 23.9923 0.448234 23.985 0.437574 23.9751C0.426914 23.9651 0.4188 23.9528 0.413903 23.9391C0.409006 23.9254 0.407468 23.9108 0.409413 23.8964L1.4705 17.6015C0.564964 15.9616 0.059553 14.1139 0.00506222 12.2345C-0.0868117 9.05888 1.0745 6.03797 3.27514 3.72813C5.55678 1.33321 8.67258 0 12.0113 0H12.0708ZM12.0039 2.06366C11.9079 2.06367 11.8118 2.06503 11.7158 2.06774C6.24932 2.22317 1.92956 6.75743 2.08638 12.1754C2.13432 13.8297 2.60457 15.4535 3.44632 16.8714L3.62901 17.1788L2.8428 21.4504L7.10776 20.4525L7.42985 20.6187C8.8351 21.3434 10.4097 21.7232 12.0006 21.7232C12.0951 21.7232 12.1899 21.7219 12.2844 21.7192C17.751 21.5637 22.0708 17.0296 21.9139 11.6116C21.7599 6.28926 17.342 2.06366 12.0039 2.06366ZM7.85532 6.14807C8.05586 6.15425 8.25682 6.1599 8.43212 6.17267C8.64639 6.18784 8.88357 6.20511 9.09372 6.70939C9.34315 7.30817 9.88257 8.80309 9.95321 8.95474C10.0239 9.1064 10.0686 9.28234 9.96208 9.47869C9.85553 9.67483 9.80146 9.79781 9.64581 9.96758C9.48994 10.1374 9.31728 10.3473 9.17788 10.4769C9.02223 10.6212 8.86044 10.7783 9.02687 11.0824C9.1932 11.3867 9.76714 12.3828 10.6378 13.2018C11.7568 14.2543 12.6541 14.6016 13.0105 14.7663C13.1391 14.8259 13.246 14.854 13.3393 14.854C13.4676 14.854 13.5701 14.8009 13.668 14.7025C13.8555 14.5142 14.4199 13.8615 14.6575 13.5612C14.7818 13.4041 14.8943 13.3484 15.0165 13.3484C15.1143 13.3484 15.2183 13.3841 15.3398 13.4321C15.6126 13.5402 17.0706 14.3078 17.3671 14.4664C17.6637 14.6248 17.862 14.7057 17.9335 14.8324C18.0049 14.9596 17.9863 15.5574 17.7137 16.2471C17.4412 16.9369 16.191 17.5723 15.6374 17.6051C15.4753 17.6148 15.3158 17.6373 15.1083 17.6373C14.6066 17.6373 13.8243 17.5063 12.0473 16.7478C9.02381 15.4574 7.18781 12.2865 7.04334 12.0828C6.8992 11.8788 5.86408 10.4259 5.9096 8.95621C5.95511 7.48673 6.75547 6.78778 7.04081 6.49734C7.31432 6.21882 7.62775 6.14765 7.83008 6.14765L7.85532 6.14807Z\" fill=\"currentColor\" \/>\n                      <\/svg>Chat on Whatsapp<\/span>\n                  <\/a>\n                <\/div>\n                                            <div class=\"mt-4\">\n                  <a tabindex=\"0\" href=\"mailto:physiotherapie@claudius-therme.de\" class=\"group btn -border w-full  justify-center\" target=\"\" title=\"Write E-Mail\" aria-label=\"Write E-Mail\">\n                    <span class=\"\">Write E-Mail<\/span>\n                  <\/a>\n                <\/div>\n                            \n                          <\/div>\n\n\n          <\/div>\n        <\/div>\n              <div class=\" col-span-8 sm:col-span-4 lg:col-span-2\">\n          <div class=\"bg-white shadow-xl p-4 h-full flex flex-col justify-between rounded  delay-[300ms] duration-[300ms] taos:scale-[0.8] taos:opacity-0 [animation-iteration-count:infinite]\" data-taos-offset=\"0\">\n            <div>\n              <div class=\"w-[calc(100%+32px)] aspect-[16\/9] -mt-4 -mx-4 mb-4 \">\n                <img decoding=\"async\" width=\"732\" height=\"412\" src=\"https:\/\/www.claudius-therme.de\/app\/uploads\/2025\/01\/Gastronomie-aspect-ratio-1600-900-1.jpg\" class=\"w-full h-full object-cover position-center rounded-t-md\" alt=\"Gastronomie-aspect-ratio-1600-900\" srcset=\"https:\/\/www.claudius-therme.de\/app\/uploads\/2025\/01\/Gastronomie-aspect-ratio-1600-900-1.jpg 732w, https:\/\/www.claudius-therme.de\/app\/uploads\/2025\/01\/Gastronomie-aspect-ratio-1600-900-1-300x169.jpg 300w\" sizes=\"(max-width: 732px) 100vw, 732px\" \/>              <\/div>\n                              <h4 class=\"hl-4 text-brown-m mb-4\">Gastronomy<\/h4>\n                                            <p class=\"tx-3 text-blue-d pr-1\">Daily<\/p>\n                                            <p class=\"tx-6 text-blue-d pr-1\">9:00 to 23:00<\/p>\n                                                          <p class=\"tx-3 font-bold text-blue-d pr-1 my-4\">Kitchen until 22:00<\/p>\n                          <\/div>\n            <div>\n                                                        \n                          <\/div>\n\n\n          <\/div>\n        <\/div>\n      \n    <\/div>\n\n  <\/div>\n<\/div>\n\n\n\n\n\n\n<div class=\"ce-section ce-teaser_  bg-blue-l py-6\">\n  <div class=\"container  \">\n    <div class=\"flex flex-col gap-8 lg:gap-0  lg:flex-row-reverse \">\n\n\n      <div class=\"w-full flex justify-center lg:w-8\/12\">\n        <div class=\"flex flex-col  justify-center gap-6 px-3 lg:px-24  px-4  py-4 lg:py-12\">\n                      <p class=\"hl-3 text-blue-d\">Route<\/p>\n                                          <div class=\"wysiwyg-content-text tx-3  text-blue-d\"><p>There are plenty of parking spaces for our guests right in front of the building. The parking fee is \u20ac3.00 a day. <\/p>\n<\/div>\n          \n                                <div class=\"flex flex-wrap gap-8\">\n              \n                                <div>\n                                      <a tabindex=\"0\"  href=\"https:\/\/www.google.com\/maps\/place\/\/data=!4m2!3m1!1s0x47bf25e9fa5f2ae9:0x367519ce3e78a5ec?sa=X&#038;ved=1t:8290&#038;ictx=111\" class=\"group btn -secondary \" target=\"_blank\">\n                      <span class=\"\">Plan route with Google Maps                                                                      <\/span>\n                    <\/a>\n                  \n                                  <\/div>\n                          <\/div>\n                  <\/div>\n\n      <\/div>\n\n  \n        <div class=\" w-full  lg:w-4\/12\">\n          <div class=\"h-full flex items-center\">\n          <div class=\"w-full aspect-[1\/1]    max-w-md_ delay-[300ms] duration-[600ms] taos:scale-[0.9] taos:opacity-0 [animation-iteration-count:infinite]\" data-taos-offset=\"0\">\n            <img decoding=\"async\" width=\"550\" height=\"550\" src=\"https:\/\/www.claudius-therme.de\/app\/uploads\/2025\/02\/Hero-Jobs-aspect-ratio-900-900.jpg\" class=\"w-full h-full object-cover position-center w-[768px]\" alt=\"Viele gr\u00fcne B\u00fcsche und B\u00e4ume, im Hintergrund klein die Silhouette des K\u00f6lner Doms.\" srcset=\"https:\/\/www.claudius-therme.de\/app\/uploads\/2025\/02\/Hero-Jobs-aspect-ratio-900-900.jpg 550w, https:\/\/www.claudius-therme.de\/app\/uploads\/2025\/02\/Hero-Jobs-aspect-ratio-900-900-300x300.jpg 300w, https:\/\/www.claudius-therme.de\/app\/uploads\/2025\/02\/Hero-Jobs-aspect-ratio-900-900-150x150.jpg 150w\" sizes=\"(max-width: 550px) 100vw, 550px\" \/>          <\/div>\n        <\/div>\n      <\/div>\n\n    <\/div>\n  <\/div>\n<\/div>","protected":false},"excerpt":{"rendered":"","protected":false},"author":1,"featured_media":0,"parent":0,"menu_order":0,"comment_status":"closed","ping_status":"closed","template":"","meta":{"_acf_changed":false,"footnotes":""},"class_list":["post-3085","page","type-page","status-publish","hentry"],"acf":[],"yoast_head":"<!-- This site is optimized with the Yoast SEO plugin v27.4 - https:\/\/yoast.com\/product\/yoast-seo-wordpress\/ -->\n<title>Contact &amp; route | Claudius Therme K\u00f6ln<\/title>\n<meta name=\"description\" content=\"Contact us for all questions about appointments, information or concerns. You can also plan your journey to the Claudius Therme here.\" \/>\n<meta name=\"robots\" content=\"index, follow, max-snippet:-1, max-image-preview:large, max-video-preview:-1\" \/>\n<link rel=\"canonical\" href=\"https:\/\/www.claudius-therme.de\/en\/contact-directions\/\" \/>\n<meta property=\"og:locale\" content=\"en_US\" \/>\n<meta property=\"og:type\" content=\"article\" \/>\n<meta property=\"og:title\" content=\"Contact &amp; route | Claudius Therme K\u00f6ln\" \/>\n<meta property=\"og:description\" content=\"Contact us for all questions about appointments, information or concerns. You can also plan your journey to the Claudius Therme here.\" \/>\n<meta property=\"og:url\" content=\"https:\/\/www.claudius-therme.de\/en\/contact-directions\/\" \/>\n<meta property=\"og:site_name\" content=\"Claudius Therme K\u00f6ln\" \/>\n<meta property=\"article:modified_time\" content=\"2025-04-27T06:25:19+00:00\" \/>\n<meta name=\"twitter:card\" content=\"summary_large_image\" \/>\n<script type=\"application\/ld+json\" class=\"yoast-schema-graph\">{\"@context\":\"https:\\\/\\\/schema.org\",\"@graph\":[{\"@type\":\"WebPage\",\"@id\":\"https:\\\/\\\/www.claudius-therme.de\\\/en\\\/contact-directions\\\/\",\"url\":\"https:\\\/\\\/www.claudius-therme.de\\\/en\\\/contact-directions\\\/\",\"name\":\"Contact &amp; route | Claudius Therme K\u00f6ln\",\"isPartOf\":{\"@id\":\"https:\\\/\\\/www.claudius-therme.de\\\/en\\\/#website\"},\"datePublished\":\"2024-08-26T14:35:36+00:00\",\"dateModified\":\"2025-04-27T06:25:19+00:00\",\"description\":\"Contact us for all questions about appointments, information or concerns. You can also plan your journey to the Claudius Therme here.\",\"breadcrumb\":{\"@id\":\"https:\\\/\\\/www.claudius-therme.de\\\/en\\\/contact-directions\\\/#breadcrumb\"},\"inLanguage\":\"en-US\",\"potentialAction\":[{\"@type\":\"ReadAction\",\"target\":[\"https:\\\/\\\/www.claudius-therme.de\\\/en\\\/contact-directions\\\/\"]}]},{\"@type\":\"BreadcrumbList\",\"@id\":\"https:\\\/\\\/www.claudius-therme.de\\\/en\\\/contact-directions\\\/#breadcrumb\",\"itemListElement\":[{\"@type\":\"ListItem\",\"position\":1,\"name\":\"Startseite\",\"item\":\"https:\\\/\\\/www.claudius-therme.de\\\/en\\\/\"},{\"@type\":\"ListItem\",\"position\":2,\"name\":\"Contact &amp; route\"}]},{\"@type\":\"WebSite\",\"@id\":\"https:\\\/\\\/www.claudius-therme.de\\\/en\\\/#website\",\"url\":\"https:\\\/\\\/www.claudius-therme.de\\\/en\\\/\",\"name\":\"Claudius Therme K\u00f6ln | Wellness mit Blick auf den Dom\",\"description\":\"\",\"potentialAction\":[{\"@type\":\"SearchAction\",\"target\":{\"@type\":\"EntryPoint\",\"urlTemplate\":\"https:\\\/\\\/www.claudius-therme.de\\\/en\\\/?s={search_term_string}\"},\"query-input\":{\"@type\":\"PropertyValueSpecification\",\"valueRequired\":true,\"valueName\":\"search_term_string\"}}],\"inLanguage\":\"en-US\"}]}<\/script>\n<!-- \/ Yoast SEO plugin. -->","yoast_head_json":{"title":"Contact &amp; route | Claudius Therme K\u00f6ln","description":"Contact us for all questions about appointments, information or concerns. You can also plan your journey to the Claudius Therme here.","robots":{"index":"index","follow":"follow","max-snippet":"max-snippet:-1","max-image-preview":"max-image-preview:large","max-video-preview":"max-video-preview:-1"},"canonical":"https:\/\/www.claudius-therme.de\/en\/contact-directions\/","og_locale":"en_US","og_type":"article","og_title":"Contact &amp; route | Claudius Therme K\u00f6ln","og_description":"Contact us for all questions about appointments, information or concerns. You can also plan your journey to the Claudius Therme here.","og_url":"https:\/\/www.claudius-therme.de\/en\/contact-directions\/","og_site_name":"Claudius Therme K\u00f6ln","article_modified_time":"2025-04-27T06:25:19+00:00","twitter_card":"summary_large_image","schema":{"@context":"https:\/\/schema.org","@graph":[{"@type":"WebPage","@id":"https:\/\/www.claudius-therme.de\/en\/contact-directions\/","url":"https:\/\/www.claudius-therme.de\/en\/contact-directions\/","name":"Contact &amp; route | Claudius Therme K\u00f6ln","isPartOf":{"@id":"https:\/\/www.claudius-therme.de\/en\/#website"},"datePublished":"2024-08-26T14:35:36+00:00","dateModified":"2025-04-27T06:25:19+00:00","description":"Contact us for all questions about appointments, information or concerns. You can also plan your journey to the Claudius Therme here.","breadcrumb":{"@id":"https:\/\/www.claudius-therme.de\/en\/contact-directions\/#breadcrumb"},"inLanguage":"en-US","potentialAction":[{"@type":"ReadAction","target":["https:\/\/www.claudius-therme.de\/en\/contact-directions\/"]}]},{"@type":"BreadcrumbList","@id":"https:\/\/www.claudius-therme.de\/en\/contact-directions\/#breadcrumb","itemListElement":[{"@type":"ListItem","position":1,"name":"Startseite","item":"https:\/\/www.claudius-therme.de\/en\/"},{"@type":"ListItem","position":2,"name":"Contact &amp; route"}]},{"@type":"WebSite","@id":"https:\/\/www.claudius-therme.de\/en\/#website","url":"https:\/\/www.claudius-therme.de\/en\/","name":"Claudius Therme K\u00f6ln | Wellness mit Blick auf den Dom","description":"","potentialAction":[{"@type":"SearchAction","target":{"@type":"EntryPoint","urlTemplate":"https:\/\/www.claudius-therme.de\/en\/?s={search_term_string}"},"query-input":{"@type":"PropertyValueSpecification","valueRequired":true,"valueName":"search_term_string"}}],"inLanguage":"en-US"}]}},"_links":{"self":[{"href":"https:\/\/www.claudius-therme.de\/en\/wp-json\/wp\/v2\/pages\/3085","targetHints":{"allow":["GET"]}}],"collection":[{"href":"https:\/\/www.claudius-therme.de\/en\/wp-json\/wp\/v2\/pages"}],"about":[{"href":"https:\/\/www.claudius-therme.de\/en\/wp-json\/wp\/v2\/types\/page"}],"author":[{"embeddable":true,"href":"https:\/\/www.claudius-therme.de\/en\/wp-json\/wp\/v2\/users\/1"}],"replies":[{"embeddable":true,"href":"https:\/\/www.claudius-therme.de\/en\/wp-json\/wp\/v2\/comments?post=3085"}],"version-history":[{"count":7,"href":"https:\/\/www.claudius-therme.de\/en\/wp-json\/wp\/v2\/pages\/3085\/revisions"}],"predecessor-version":[{"id":4142,"href":"https:\/\/www.claudius-therme.de\/en\/wp-json\/wp\/v2\/pages\/3085\/revisions\/4142"}],"wp:attachment":[{"href":"https:\/\/www.claudius-therme.de\/en\/wp-json\/wp\/v2\/media?parent=3085"}],"curies":[{"name":"wp","href":"https:\/\/api.w.org\/{rel}","templated":true}]}}