{"id":3293,"date":"2025-01-23T12:33:14","date_gmt":"2025-01-23T11:33:14","guid":{"rendered":"https:\/\/claudius-therme.de\/contact-persons\/"},"modified":"2025-04-26T14:23:15","modified_gmt":"2025-04-26T12:23:15","slug":"contact-persons","status":"publish","type":"page","link":"https:\/\/www.claudius-therme.de\/en\/contact-persons\/","title":{"rendered":"Contact persons"},"content":{"rendered":"\n<div class=\"ce-section px-3 text-blue-d bg-gray-m text-left\" id=\"\">\n  <div class=\"container grid grid-cols-6\">\n        <div class=\"col-span-6 md:col-span-4 flex flex-col gap-5 \">\n              <h1 class=\"hl-3\">Your direct link to rest and relaxation.<\/h1>\n                    <h2 class=\"tx-8\">Got any questions? Requests? Suggestions?  <\/h2>\n                    <div class=\" tx-5 wysiwyg-content-text\"><p>Whether you need to make an appointment, require information or have a problem, we&#8217;re here for you. Below is a list of contacts in our departments who can help you with your enquiry. <\/p>\n<\/div>\n          <\/div>\n\n  <\/div>\n<\/div>\n\n<div class=\"ce-section px-3  bg-gray-m text-blue-d \">\n  <div class=\"container\">\n        <div class=\"grid grids-cols-1 md:grid-cols-2 lg:grid-cols-3 gap-6 justify-center \">\n      \n                <article class=\"teasercard_ w-full  overflow-hidden flex flex-col-reverse delay-[300ms] duration-[600ms] taos:scale-[0.9] taos:opacity-0 [animation-iteration-count:infinite]\" data-taos-offset=\"0\">\n\n          <div class=\"py-6 flex flex-col gap-3  justify-between h-full\">\n            <div class=\"flex flex-col gap-3 \">\n              <h4 class=\"hl-4  my-0\">Reception<\/h4>\n                              <div class=\"tx-3  my-0 wysiwyg-content-text\"><p>General information and questions about our vouchers<\/p>\n<\/div>\n                          <\/div>\n                          <div>\n                <a tabindex=\"0\" href=\"mailto:info@claudius-therme.de\" class=\"group btn -secondary \" target=\"\">\n                  <span class=\"relative\">\n                    \n                    Send e-mail                    \n                  <\/span>\n                <\/a>\n              <\/div>\n                      <\/div>\n                     \n            <div class=\"w-full aspect-[1\/1]\">\n              <img decoding=\"async\" width=\"829\" height=\"829\" src=\"https:\/\/www.claudius-therme.de\/app\/uploads\/2025\/02\/Hero-Empfang-aspect-ratio-900-900.jpg\" class=\"w-full h-full object-cover position-center\" alt=\"Eine junge Frau im roten Poloshirt steht hinter einem Empfangtresen. Sie lacht sympatisch\" srcset=\"https:\/\/www.claudius-therme.de\/app\/uploads\/2025\/02\/Hero-Empfang-aspect-ratio-900-900.jpg 829w, https:\/\/www.claudius-therme.de\/app\/uploads\/2025\/02\/Hero-Empfang-aspect-ratio-900-900-300x300.jpg 300w, https:\/\/www.claudius-therme.de\/app\/uploads\/2025\/02\/Hero-Empfang-aspect-ratio-900-900-150x150.jpg 150w, https:\/\/www.claudius-therme.de\/app\/uploads\/2025\/02\/Hero-Empfang-aspect-ratio-900-900-768x768.jpg 768w\" sizes=\"(max-width: 829px) 100vw, 829px\" \/>            <\/div>\n                  <\/article>\n\n      \n                <article class=\"teasercard_ w-full  overflow-hidden flex flex-col-reverse delay-[300ms] duration-[600ms] taos:scale-[0.9] taos:opacity-0 [animation-iteration-count:infinite]\" data-taos-offset=\"0\">\n\n          <div class=\"py-6 flex flex-col gap-3  justify-between h-full\">\n            <div class=\"flex flex-col gap-3 \">\n              <h4 class=\"hl-4  my-0\">Bath &amp; Sauna<\/h4>\n                              <div class=\"tx-3  my-0 wysiwyg-content-text\"><p><strong>Management:<\/strong> Ms. Anna Brenk, Mr. Kai B\u00f6hm, Mr. Chris Bock<\/p>\n<\/div>\n                          <\/div>\n                          <div>\n                <a tabindex=\"0\" href=\"mailto:badleitung@claudius-therme.de\" class=\"group btn -secondary \" target=\"_blank\">\n                  <span class=\"relative\">\n                    \n                    Send e-mail                    \n                  <\/span>\n                <\/a>\n              <\/div>\n                      <\/div>\n                     \n            <div class=\"w-full aspect-[1\/1]\">\n              <img decoding=\"async\" width=\"1024\" height=\"1024\" src=\"https:\/\/www.claudius-therme.de\/app\/uploads\/2025\/02\/Badsauna-aspect-ratio-900-900-1024x1024.jpg\" class=\"w-full h-full object-cover position-center\" alt=\"Ein ovaler Innenpool unter einem Glasdach. Von der Decke bis zum Pool h\u00e4ngen helle Stoffbahnen, auf dem Beckenrand stehen gro\u00dfe Glaslatenen mit brennenden Kerzen\" srcset=\"https:\/\/www.claudius-therme.de\/app\/uploads\/2025\/02\/Badsauna-aspect-ratio-900-900-1024x1024.jpg 1024w, https:\/\/www.claudius-therme.de\/app\/uploads\/2025\/02\/Badsauna-aspect-ratio-900-900-300x300.jpg 300w, https:\/\/www.claudius-therme.de\/app\/uploads\/2025\/02\/Badsauna-aspect-ratio-900-900-150x150.jpg 150w, https:\/\/www.claudius-therme.de\/app\/uploads\/2025\/02\/Badsauna-aspect-ratio-900-900-768x768.jpg 768w, https:\/\/www.claudius-therme.de\/app\/uploads\/2025\/02\/Badsauna-aspect-ratio-900-900-1000x1000.jpg 1000w, https:\/\/www.claudius-therme.de\/app\/uploads\/2025\/02\/Badsauna-aspect-ratio-900-900-900x900.jpg 900w, https:\/\/www.claudius-therme.de\/app\/uploads\/2025\/02\/Badsauna-aspect-ratio-900-900.jpg 1152w\" sizes=\"(max-width: 1024px) 100vw, 1024px\" \/>            <\/div>\n                  <\/article>\n\n      \n                <article class=\"teasercard_ w-full  overflow-hidden flex flex-col-reverse delay-[300ms] duration-[600ms] taos:scale-[0.9] taos:opacity-0 [animation-iteration-count:infinite]\" data-taos-offset=\"0\">\n\n          <div class=\"py-6 flex flex-col gap-3  justify-between h-full\">\n            <div class=\"flex flex-col gap-3 \">\n              <h4 class=\"hl-4  my-0\">Beauty &amp; Wellness<\/h4>\n                              <div class=\"tx-3  my-0 wysiwyg-content-text\"><p><strong>Management:<\/strong> Ms. Constance Diessner<\/p>\n<\/div>\n                          <\/div>\n                          <div>\n                <a tabindex=\"0\" href=\"mailto:c.diessner@claudius-therme.de\" class=\"group btn -secondary \" target=\"\">\n                  <span class=\"relative\">\n                    \n                    Send e-mail                    \n                  <\/span>\n                <\/a>\n              <\/div>\n                      <\/div>\n                     \n            <div class=\"w-full aspect-[1\/1]\">\n              <img decoding=\"async\" width=\"730\" height=\"731\" src=\"https:\/\/www.claudius-therme.de\/app\/uploads\/2025\/02\/Beauty.jpg\" class=\"w-full h-full object-cover position-center\" alt=\"Ein junger Mann steht hinter einer Massageliege, auf der eine Frau liegt. Sie hat ein wei\u00dfes Handtuch um die H\u00fcfte gewickelt. Die Liege steht in einem Garten, im Hintergrund sind gr\u00fcne B\u00e4ume und B\u00fcsche zu erkennen\" srcset=\"https:\/\/www.claudius-therme.de\/app\/uploads\/2025\/02\/Beauty.jpg 730w, https:\/\/www.claudius-therme.de\/app\/uploads\/2025\/02\/Beauty-300x300.jpg 300w, https:\/\/www.claudius-therme.de\/app\/uploads\/2025\/02\/Beauty-150x150.jpg 150w\" sizes=\"(max-width: 730px) 100vw, 730px\" \/>            <\/div>\n                  <\/article>\n\n          <\/div>\n  <\/div>\n<\/div>\n\n<div class=\"ce-section px-3  bg-gray-m text-blue-d \">\n  <div class=\"container\">\n        <div class=\"grid grids-cols-1 md:grid-cols-2 lg:grid-cols-3 gap-6 justify-center \">\n      \n                <article class=\"teasercard_ w-full  overflow-hidden flex flex-col-reverse delay-[300ms] duration-[600ms] taos:scale-[0.9] taos:opacity-0 [animation-iteration-count:infinite]\" data-taos-offset=\"0\">\n\n          <div class=\"py-6 flex flex-col gap-3  justify-between h-full\">\n            <div class=\"flex flex-col gap-3 \">\n              <h4 class=\"hl-4  my-0\">Physiotherapy<\/h4>\n                              <div class=\"tx-3  my-0 wysiwyg-content-text\"><p><strong>Management:<\/strong> Ms. Constance Diessner<\/p>\n<\/div>\n                          <\/div>\n                          <div>\n                <a tabindex=\"0\" href=\"mailto:c.diessner@claudius-therme.de\" class=\"group btn -secondary \" target=\"\">\n                  <span class=\"relative\">\n                    \n                    Send e-mail                    \n                  <\/span>\n                <\/a>\n              <\/div>\n                      <\/div>\n                     \n            <div class=\"w-full aspect-[1\/1]\">\n              <img decoding=\"async\" width=\"829\" height=\"829\" src=\"https:\/\/www.claudius-therme.de\/app\/uploads\/2025\/02\/physiotaping-aspect-ratio-900-900-1.jpg\" class=\"w-full h-full object-cover position-center\" alt=\"Frauenh\u00e4nde tapen einen Unterschenkel einer Person, die auf einer Liege liegt\" srcset=\"https:\/\/www.claudius-therme.de\/app\/uploads\/2025\/02\/physiotaping-aspect-ratio-900-900-1.jpg 829w, https:\/\/www.claudius-therme.de\/app\/uploads\/2025\/02\/physiotaping-aspect-ratio-900-900-1-300x300.jpg 300w, https:\/\/www.claudius-therme.de\/app\/uploads\/2025\/02\/physiotaping-aspect-ratio-900-900-1-150x150.jpg 150w, https:\/\/www.claudius-therme.de\/app\/uploads\/2025\/02\/physiotaping-aspect-ratio-900-900-1-768x768.jpg 768w\" sizes=\"(max-width: 829px) 100vw, 829px\" \/>            <\/div>\n                  <\/article>\n\n      \n                <article class=\"teasercard_ w-full  overflow-hidden flex flex-col-reverse delay-[300ms] duration-[600ms] taos:scale-[0.9] taos:opacity-0 [animation-iteration-count:infinite]\" data-taos-offset=\"0\">\n\n          <div class=\"py-6 flex flex-col gap-3  justify-between h-full\">\n            <div class=\"flex flex-col gap-3 \">\n              <h4 class=\"hl-4  my-0\">Gastronomy<\/h4>\n                              <div class=\"tx-3  my-0 wysiwyg-content-text\"><p><strong>Management:<\/strong> Mr. Denizhan Kuskaya<\/p>\n<\/div>\n                          <\/div>\n                          <div>\n                <a tabindex=\"0\" href=\"mailto:d.kuskaya@claudius-therme.de\" class=\"group btn -secondary \" target=\"\">\n                  <span class=\"relative\">\n                    \n                    Send e-mail                    \n                  <\/span>\n                <\/a>\n              <\/div>\n                      <\/div>\n                     \n            <div class=\"w-full aspect-[1\/1]\">\n              <img decoding=\"async\" width=\"567\" height=\"567\" src=\"https:\/\/www.claudius-therme.de\/app\/uploads\/2025\/02\/terrasse2-aspect-ratio-900-900.jpg\" class=\"w-full h-full object-cover position-center\" alt=\"Ein Paar im Bademantel wird an einem Tisch drau\u00dfen im Gr\u00fcnen von einem jungen Mann im schwarzen Poloshirt bedient\" srcset=\"https:\/\/www.claudius-therme.de\/app\/uploads\/2025\/02\/terrasse2-aspect-ratio-900-900.jpg 567w, https:\/\/www.claudius-therme.de\/app\/uploads\/2025\/02\/terrasse2-aspect-ratio-900-900-300x300.jpg 300w, https:\/\/www.claudius-therme.de\/app\/uploads\/2025\/02\/terrasse2-aspect-ratio-900-900-150x150.jpg 150w\" sizes=\"(max-width: 567px) 100vw, 567px\" \/>            <\/div>\n                  <\/article>\n\n      \n                <article class=\"teasercard_ w-full  overflow-hidden flex flex-col-reverse delay-[300ms] duration-[600ms] taos:scale-[0.9] taos:opacity-0 [animation-iteration-count:infinite]\" data-taos-offset=\"0\">\n\n          <div class=\"py-6 flex flex-col gap-3  justify-between h-full\">\n            <div class=\"flex flex-col gap-3 \">\n              <h4 class=\"hl-4  my-0\">Management<\/h4>\n                              <div class=\"tx-3  my-0 wysiwyg-content-text\"><p>Mr. Tilmann Brockhaus<\/p>\n<\/div>\n                          <\/div>\n                          <div>\n                <a tabindex=\"0\" href=\"mailto:t.brockhaus@claudius-therme.de\" class=\"group btn -secondary \" target=\"\">\n                  <span class=\"relative\">\n                    \n                    Send e-mail                    \n                  <\/span>\n                <\/a>\n              <\/div>\n                      <\/div>\n                     \n            <div class=\"w-full aspect-[1\/1]\">\n              <img decoding=\"async\" width=\"480\" height=\"480\" src=\"https:\/\/www.claudius-therme.de\/app\/uploads\/2025\/02\/Hero-Verantwortlich-aspect-ratio-900-900.jpg\" class=\"w-full h-full object-cover position-center\" alt=\"Eine blaumarmorierte Wand, in der Name Claudius Therme gemei\u00dfelt und mit goldener Farbe ausgemalt ist. Davor im unteren Bilddrittel eine gr\u00fcne Hecke im Anschnitt\" srcset=\"https:\/\/www.claudius-therme.de\/app\/uploads\/2025\/02\/Hero-Verantwortlich-aspect-ratio-900-900.jpg 480w, https:\/\/www.claudius-therme.de\/app\/uploads\/2025\/02\/Hero-Verantwortlich-aspect-ratio-900-900-300x300.jpg 300w, https:\/\/www.claudius-therme.de\/app\/uploads\/2025\/02\/Hero-Verantwortlich-aspect-ratio-900-900-150x150.jpg 150w\" sizes=\"(max-width: 480px) 100vw, 480px\" \/>            <\/div>\n                  <\/article>\n\n          <\/div>\n  <\/div>\n<\/div>","protected":false},"excerpt":{"rendered":"","protected":false},"author":2,"featured_media":0,"parent":0,"menu_order":0,"comment_status":"closed","ping_status":"closed","template":"","meta":{"_acf_changed":false,"footnotes":""},"class_list":["post-3293","page","type-page","status-publish","hentry"],"acf":[],"yoast_head":"<!-- This site is optimized with the Yoast SEO plugin v27.2 - https:\/\/yoast.com\/product\/yoast-seo-wordpress\/ -->\n<title>Contact persons | Claudius Therme K\u00f6ln<\/title>\n<meta name=\"description\" content=\"For appointments, information or problems - our contact persons will be happy to help you.\" \/>\n<meta name=\"robots\" content=\"index, follow, max-snippet:-1, max-image-preview:large, max-video-preview:-1\" \/>\n<link rel=\"canonical\" href=\"https:\/\/www.claudius-therme.de\/en\/contact-persons\/\" \/>\n<meta property=\"og:locale\" content=\"en_US\" \/>\n<meta property=\"og:type\" content=\"article\" \/>\n<meta property=\"og:title\" content=\"Contact persons | Claudius Therme K\u00f6ln\" \/>\n<meta property=\"og:description\" content=\"For appointments, information or problems - our contact persons will be happy to help you.\" \/>\n<meta property=\"og:url\" content=\"https:\/\/www.claudius-therme.de\/en\/contact-persons\/\" \/>\n<meta property=\"og:site_name\" content=\"Claudius Therme K\u00f6ln\" \/>\n<meta property=\"article:modified_time\" content=\"2025-04-26T12:23:15+00:00\" \/>\n<meta name=\"twitter:card\" content=\"summary_large_image\" \/>\n<script type=\"application\/ld+json\" class=\"yoast-schema-graph\">{\"@context\":\"https:\/\/schema.org\",\"@graph\":[{\"@type\":\"WebPage\",\"@id\":\"https:\/\/www.claudius-therme.de\/en\/contact-persons\/\",\"url\":\"https:\/\/www.claudius-therme.de\/en\/contact-persons\/\",\"name\":\"Contact persons | Claudius Therme K\u00f6ln\",\"isPartOf\":{\"@id\":\"https:\/\/www.claudius-therme.de\/en\/#website\"},\"datePublished\":\"2025-01-23T11:33:14+00:00\",\"dateModified\":\"2025-04-26T12:23:15+00:00\",\"description\":\"For appointments, information or problems - our contact persons will be happy to help you.\",\"breadcrumb\":{\"@id\":\"https:\/\/www.claudius-therme.de\/en\/contact-persons\/#breadcrumb\"},\"inLanguage\":\"en-US\",\"potentialAction\":[{\"@type\":\"ReadAction\",\"target\":[\"https:\/\/www.claudius-therme.de\/en\/contact-persons\/\"]}]},{\"@type\":\"BreadcrumbList\",\"@id\":\"https:\/\/www.claudius-therme.de\/en\/contact-persons\/#breadcrumb\",\"itemListElement\":[{\"@type\":\"ListItem\",\"position\":1,\"name\":\"Startseite\",\"item\":\"https:\/\/www.claudius-therme.de\/en\/\"},{\"@type\":\"ListItem\",\"position\":2,\"name\":\"Contact persons\"}]},{\"@type\":\"WebSite\",\"@id\":\"https:\/\/www.claudius-therme.de\/en\/#website\",\"url\":\"https:\/\/www.claudius-therme.de\/en\/\",\"name\":\"Claudius Therme K\u00f6ln | Wellness mit Blick auf den Dom\",\"description\":\"\",\"potentialAction\":[{\"@type\":\"SearchAction\",\"target\":{\"@type\":\"EntryPoint\",\"urlTemplate\":\"https:\/\/www.claudius-therme.de\/en\/?s={search_term_string}\"},\"query-input\":{\"@type\":\"PropertyValueSpecification\",\"valueRequired\":true,\"valueName\":\"search_term_string\"}}],\"inLanguage\":\"en-US\"}]}<\/script>\n<!-- \/ Yoast SEO plugin. -->","yoast_head_json":{"title":"Contact persons | Claudius Therme K\u00f6ln","description":"For appointments, information or problems - our contact persons will be happy to help you.","robots":{"index":"index","follow":"follow","max-snippet":"max-snippet:-1","max-image-preview":"max-image-preview:large","max-video-preview":"max-video-preview:-1"},"canonical":"https:\/\/www.claudius-therme.de\/en\/contact-persons\/","og_locale":"en_US","og_type":"article","og_title":"Contact persons | Claudius Therme K\u00f6ln","og_description":"For appointments, information or problems - our contact persons will be happy to help you.","og_url":"https:\/\/www.claudius-therme.de\/en\/contact-persons\/","og_site_name":"Claudius Therme K\u00f6ln","article_modified_time":"2025-04-26T12:23:15+00:00","twitter_card":"summary_large_image","schema":{"@context":"https:\/\/schema.org","@graph":[{"@type":"WebPage","@id":"https:\/\/www.claudius-therme.de\/en\/contact-persons\/","url":"https:\/\/www.claudius-therme.de\/en\/contact-persons\/","name":"Contact persons | Claudius Therme K\u00f6ln","isPartOf":{"@id":"https:\/\/www.claudius-therme.de\/en\/#website"},"datePublished":"2025-01-23T11:33:14+00:00","dateModified":"2025-04-26T12:23:15+00:00","description":"For appointments, information or problems - our contact persons will be happy to help you.","breadcrumb":{"@id":"https:\/\/www.claudius-therme.de\/en\/contact-persons\/#breadcrumb"},"inLanguage":"en-US","potentialAction":[{"@type":"ReadAction","target":["https:\/\/www.claudius-therme.de\/en\/contact-persons\/"]}]},{"@type":"BreadcrumbList","@id":"https:\/\/www.claudius-therme.de\/en\/contact-persons\/#breadcrumb","itemListElement":[{"@type":"ListItem","position":1,"name":"Startseite","item":"https:\/\/www.claudius-therme.de\/en\/"},{"@type":"ListItem","position":2,"name":"Contact persons"}]},{"@type":"WebSite","@id":"https:\/\/www.claudius-therme.de\/en\/#website","url":"https:\/\/www.claudius-therme.de\/en\/","name":"Claudius Therme K\u00f6ln | Wellness mit Blick auf den Dom","description":"","potentialAction":[{"@type":"SearchAction","target":{"@type":"EntryPoint","urlTemplate":"https:\/\/www.claudius-therme.de\/en\/?s={search_term_string}"},"query-input":{"@type":"PropertyValueSpecification","valueRequired":true,"valueName":"search_term_string"}}],"inLanguage":"en-US"}]}},"_links":{"self":[{"href":"https:\/\/www.claudius-therme.de\/en\/wp-json\/wp\/v2\/pages\/3293","targetHints":{"allow":["GET"]}}],"collection":[{"href":"https:\/\/www.claudius-therme.de\/en\/wp-json\/wp\/v2\/pages"}],"about":[{"href":"https:\/\/www.claudius-therme.de\/en\/wp-json\/wp\/v2\/types\/page"}],"author":[{"embeddable":true,"href":"https:\/\/www.claudius-therme.de\/en\/wp-json\/wp\/v2\/users\/2"}],"replies":[{"embeddable":true,"href":"https:\/\/www.claudius-therme.de\/en\/wp-json\/wp\/v2\/comments?post=3293"}],"version-history":[{"count":1,"href":"https:\/\/www.claudius-therme.de\/en\/wp-json\/wp\/v2\/pages\/3293\/revisions"}],"predecessor-version":[{"id":3298,"href":"https:\/\/www.claudius-therme.de\/en\/wp-json\/wp\/v2\/pages\/3293\/revisions\/3298"}],"wp:attachment":[{"href":"https:\/\/www.claudius-therme.de\/en\/wp-json\/wp\/v2\/media?parent=3293"}],"curies":[{"name":"wp","href":"https:\/\/api.w.org\/{rel}","templated":true}]}}