{"id":4051,"date":"2025-01-19T15:32:43","date_gmt":"2025-01-19T14:32:43","guid":{"rendered":"https:\/\/claudius-therme.de\/sauna-etiquette\/"},"modified":"2025-04-28T17:21:48","modified_gmt":"2025-04-28T15:21:48","slug":"sauna-etiquette","status":"publish","type":"page","link":"https:\/\/www.claudius-therme.de\/en\/sauna-etiquette\/","title":{"rendered":"Sauna etiquette"},"content":{"rendered":"\n<div class=\"ce-section px-3 text-blue-d bg-gray-m text-left\" id=\"\">\n  <div class=\"container grid grid-cols-6\">\n        <div class=\"col-span-6 md:col-span-4 flex flex-col gap-5 \">\n              <h1 class=\"hl-3\">Our little sauna etiquette guide<\/h1>\n                    <h2 class=\"tx-8\">The Claudius Therme is a place where you can relax and enjoy yourself. So that everyone feels completely at ease in our facility, we have established the following guidelines: <\/h2>\n                <\/div>\n\n  <\/div>\n<\/div>\n\n<div class=\"ce-section px-3  bg-gray-m text-blue-d \">\n  <div class=\"container\">\n        <div class=\"grid grids-cols-1 md:grid-cols-2 lg:grid-cols-4 gap-6 justify-center \">\n      \n                <article class=\"teasercard_ w-full  overflow-hidden flex flex-col-reverse delay-[300ms] duration-[600ms] taos:scale-[0.9] taos:opacity-0 [animation-iteration-count:infinite]\" data-taos-offset=\"0\">\n\n          <div class=\"py-6 flex flex-col gap-3  justify-between h-full\">\n            <div class=\"flex flex-col gap-3 \">\n              <h4 class=\"hl-4  my-0\">No reservation of loungers<\/h4>\n                              <div class=\"tx-3  my-0 wysiwyg-content-text\"><p>Our guests should be able to rest between their bathing and sauna sessions. So if you&#8217;re not using a lounger yourself, we kindly ask that you leave them free and not reserve them. Otherwise, our sauna staff will clear any reserved loungers. There are plenty of spacious storage compartments for your bags and towels.   <\/p>\n<\/div>\n                          <\/div>\n                      <\/div>\n                  <\/article>\n\n      \n                <article class=\"teasercard_ w-full  overflow-hidden flex flex-col-reverse delay-[300ms] duration-[600ms] taos:scale-[0.9] taos:opacity-0 [animation-iteration-count:infinite]\" data-taos-offset=\"0\">\n\n          <div class=\"py-6 flex flex-col gap-3  justify-between h-full\">\n            <div class=\"flex flex-col gap-3 \">\n              <h4 class=\"hl-4  my-0\">Privacy<\/h4>\n                              <div class=\"tx-3  my-0 wysiwyg-content-text\"><p>We would like to offer all guests the chance to find a place of undisturbed peace and quiet in every area at all times. That is why we ask you to minimise any public displays of affection in all areas of the facility and to refrain from doing so in the sauna cabins and pools. <\/p>\n<\/div>\n                          <\/div>\n                      <\/div>\n                  <\/article>\n\n      \n                <article class=\"teasercard_ w-full  overflow-hidden flex flex-col-reverse delay-[300ms] duration-[600ms] taos:scale-[0.9] taos:opacity-0 [animation-iteration-count:infinite]\" data-taos-offset=\"0\">\n\n          <div class=\"py-6 flex flex-col gap-3  justify-between h-full\">\n            <div class=\"flex flex-col gap-3 \">\n              <h4 class=\"hl-4  my-0\">Food and drink<\/h4>\n                              <div class=\"tx-3  my-0 wysiwyg-content-text\"><p>Food and drink is available at the sauna bar, in the spa restaurant or in the Rose Caf\u00e9 in the Rose Terraces. You are not allowed to bring your own food and drink into the bathing and sauna area. <\/p>\n<\/div>\n                          <\/div>\n                      <\/div>\n                  <\/article>\n\n      \n                <article class=\"teasercard_ w-full  overflow-hidden flex flex-col-reverse delay-[300ms] duration-[600ms] taos:scale-[0.9] taos:opacity-0 [animation-iteration-count:infinite]\" data-taos-offset=\"0\">\n\n          <div class=\"py-6 flex flex-col gap-3  justify-between h-full\">\n            <div class=\"flex flex-col gap-3 \">\n              <h4 class=\"hl-4  my-0\">Undisturbed peace and quiet<\/h4>\n                              <div class=\"tx-3  my-0 wysiwyg-content-text\"><p>Our resort is a place of peace and relaxation for you and the other guests. That is why we ask you to respect this with your behaviour. Out of consideration for the other guests, we expect you to refrain from using mobile phones and cameras in our facility. Smoking is only permitted in the designated smoking areas. Pipes and cigars are not permitted.    <\/p>\n<\/div>\n                          <\/div>\n                      <\/div>\n                  <\/article>\n\n          <\/div>\n  <\/div>\n<\/div>\n<div class=\"ce-section ce-teaser_  bg-dark py-6\">\n  <div class=\"container  \">\n    <div class=\"flex flex-col gap-8 lg:gap-0  lg:flex-row-reverse \">\n\n\n      <div class=\"w-full flex justify-center lg:w-8\/12\">\n        <div class=\"flex flex-col  justify-center gap-6 px-3 lg:px-24  px-4  py-4 lg:py-12\">\n                      <h2 class=\"hl-3 text-brown-l\">Dresscode<\/h2>\n                                          <div class=\"wysiwyg-content-text tx-3  text-white\"><p>Das Tragen von Badebekleidung ist im Thermalbereich\/Badebereich obligatorisch, im Saunabereich und vor allem in den Saunen aber nicht gestattet. Au\u00dferhalb der Saunen und in der ganzen Anlage ist das Tragen eines Bademantels oder eines Handtuchs erforderlich. Das Schwebebecken kann sowohl mit als auch ohne Badebekleidung genutzt werden.<\/p>\n<p>In allen Restaurantbereichen ist das Tragen eines Bademantels Pflicht.<\/p>\n<\/div>\n          \n                            <\/div>\n\n      <\/div>\n\n  \n        <div class=\" w-full  lg:w-4\/12\">\n          <div class=\"h-full flex items-center\">\n          <div class=\"w-full aspect-[1\/1]    max-w-md_ delay-[300ms] duration-[600ms] taos:scale-[0.9] taos:opacity-0 [animation-iteration-count:infinite]\" data-taos-offset=\"0\">\n            <img decoding=\"async\" width=\"730\" height=\"730\" src=\"https:\/\/www.claudius-therme.de\/app\/uploads\/2025\/01\/Dresscode-1.jpg\" class=\"w-full h-full object-cover position-center w-[768px]\" alt=\"Eine Frau mit langem, lockigem Haar sitzt, in ein wei\u00dfes Handtuch geh\u00fcllt, vor einer Saunah\u00fctte im Freien.\" srcset=\"https:\/\/www.claudius-therme.de\/app\/uploads\/2025\/01\/Dresscode-1.jpg 730w, https:\/\/www.claudius-therme.de\/app\/uploads\/2025\/01\/Dresscode-1-300x300.jpg 300w, https:\/\/www.claudius-therme.de\/app\/uploads\/2025\/01\/Dresscode-1-150x150.jpg 150w\" sizes=\"(max-width: 730px) 100vw, 730px\" \/>          <\/div>\n        <\/div>\n      <\/div>\n\n    <\/div>\n  <\/div>\n<\/div>\n<div class=\"ce-section px-3 text-blue-d bg-gray-m text-left\" id=\"\">\n  <div class=\"container grid grid-cols-6\">\n        <div class=\"col-span-6 md:col-span-4 flex flex-col gap-5 \">\n              <h3 class=\"hl-3\">Healthy sauna visits<\/h3>\n                          <div class=\" tx-5 wysiwyg-content-text\"><p>A visit to the sauna stimulates your metabolism, purifies your body, cleanses your skin, boosts your defences and relaxes your muscles and mind. Here are a few tips for your visit to ensure that it is well-tolerated and beneficial. <\/p>\n<p>A healthy visit to the sauna actually consists of four phases. Foot baths, massages and gymnastics are a useful addition. <\/p>\n<\/div>\n          <\/div>\n\n  <\/div>\n<\/div>\n\n<div class=\"ce-section px-3  bg-gray-m text-blue-d \">\n  <div class=\"container\">\n        <div class=\"grid grids-cols-1 md:grid-cols-2 lg:grid-cols-4 gap-6 justify-center \">\n      \n                <article class=\"teasercard_ w-full  overflow-hidden flex flex-col-reverse delay-[300ms] duration-[600ms] taos:scale-[0.9] taos:opacity-0 [animation-iteration-count:infinite]\" data-taos-offset=\"0\">\n\n          <div class=\"py-6 flex flex-col gap-3  justify-between h-full\">\n            <div class=\"flex flex-col gap-3 \">\n              <h4 class=\"hl-4  my-0\">Showers<\/h4>\n                              <div class=\"tx-3  my-0 wysiwyg-content-text\"><p>Before entering the sauna area, please remove your swimwear and put on a sauna towel or bathrobe. You should shower before entering the sauna cabin <\/p>\n<\/div>\n                          <\/div>\n                      <\/div>\n                     \n            <div class=\"w-full aspect-[1\/1]\">\n              <img decoding=\"async\" width=\"978\" height=\"978\" src=\"https:\/\/www.claudius-therme.de\/app\/uploads\/2025\/01\/duschen-aspect-ratio-900-900-1.jpg\" class=\"w-full h-full object-cover position-center\" alt=\"Showers\" srcset=\"https:\/\/www.claudius-therme.de\/app\/uploads\/2025\/01\/duschen-aspect-ratio-900-900-1.jpg 978w, https:\/\/www.claudius-therme.de\/app\/uploads\/2025\/01\/duschen-aspect-ratio-900-900-1-150x150.jpg 150w, https:\/\/www.claudius-therme.de\/app\/uploads\/2025\/01\/duschen-aspect-ratio-900-900-1-300x300.jpg 300w, https:\/\/www.claudius-therme.de\/app\/uploads\/2025\/01\/duschen-aspect-ratio-900-900-1-768x768.jpg 768w, https:\/\/www.claudius-therme.de\/app\/uploads\/2025\/01\/duschen-aspect-ratio-900-900-1-900x900.jpg 900w\" sizes=\"(max-width: 978px) 100vw, 978px\" \/>            <\/div>\n                  <\/article>\n\n      \n                <article class=\"teasercard_ w-full  overflow-hidden flex flex-col-reverse delay-[300ms] duration-[600ms] taos:scale-[0.9] taos:opacity-0 [animation-iteration-count:infinite]\" data-taos-offset=\"0\">\n\n          <div class=\"py-6 flex flex-col gap-3  justify-between h-full\">\n            <div class=\"flex flex-col gap-3 \">\n              <h4 class=\"hl-4  my-0\">Heat phase<\/h4>\n                              <div class=\"tx-3  my-0 wysiwyg-content-text\"><p>The length of your stay should depend on how you feel. For inexperienced sauna guests, the heat phase in an 80\u00b0 C sauna should not last longer than 15 minutes. If you like it hot, take a seat near the heater or on the upper level. The middle and lower levels have slightly more moderate temperatures. Please stop talking, the sauna is a quiet place. Place a sufficiently large towel under your seat and feet in the sauna.     <\/p>\n<\/div>\n                          <\/div>\n                      <\/div>\n                     \n            <div class=\"w-full aspect-[1\/1]\">\n              <img decoding=\"async\" width=\"1024\" height=\"1024\" src=\"https:\/\/www.claudius-therme.de\/app\/uploads\/2025\/01\/schwitzen-scaled-aspect-ratio-900-900-1024x1024.jpg\" class=\"w-full h-full object-cover position-center\" alt=\"Ein Mann und eine Frau sitzen in einer Sauna vor einem Steinkamin. Sie sind beide in wei\u00dfe Handt\u00fccher gewickelt und lachen\" srcset=\"https:\/\/www.claudius-therme.de\/app\/uploads\/2025\/01\/schwitzen-scaled-aspect-ratio-900-900-1024x1024.jpg 1024w, https:\/\/www.claudius-therme.de\/app\/uploads\/2025\/01\/schwitzen-scaled-aspect-ratio-900-900-150x150.jpg 150w, https:\/\/www.claudius-therme.de\/app\/uploads\/2025\/01\/schwitzen-scaled-aspect-ratio-900-900-300x300.jpg 300w, https:\/\/www.claudius-therme.de\/app\/uploads\/2025\/01\/schwitzen-scaled-aspect-ratio-900-900-768x768.jpg 768w, https:\/\/www.claudius-therme.de\/app\/uploads\/2025\/01\/schwitzen-scaled-aspect-ratio-900-900-1536x1536.jpg 1536w, https:\/\/www.claudius-therme.de\/app\/uploads\/2025\/01\/schwitzen-scaled-aspect-ratio-900-900-1000x1000.jpg 1000w, https:\/\/www.claudius-therme.de\/app\/uploads\/2025\/01\/schwitzen-scaled-aspect-ratio-900-900-1199x1200.jpg 1199w, https:\/\/www.claudius-therme.de\/app\/uploads\/2025\/01\/schwitzen-scaled-aspect-ratio-900-900-899x900.jpg 899w, https:\/\/www.claudius-therme.de\/app\/uploads\/2025\/01\/schwitzen-scaled-aspect-ratio-900-900.jpg 1747w\" sizes=\"(max-width: 1024px) 100vw, 1024px\" \/>            <\/div>\n                  <\/article>\n\n      \n                <article class=\"teasercard_ w-full  overflow-hidden flex flex-col-reverse delay-[300ms] duration-[600ms] taos:scale-[0.9] taos:opacity-0 [animation-iteration-count:infinite]\" data-taos-offset=\"0\">\n\n          <div class=\"py-6 flex flex-col gap-3  justify-between h-full\">\n            <div class=\"flex flex-col gap-3 \">\n              <h4 class=\"hl-4  my-0\">Cooling off phase<\/h4>\n                              <div class=\"tx-3  my-0 wysiwyg-content-text\"><p>You should then go out into the fresh air for a few minutes. The refreshing ice or water that follows should always be applied starting from the feet and working towards the heart. If you don&#8217;t suffer from high blood pressure or heart disease, the plunge pool is the ideal refreshment after a shower.  <\/p>\n<\/div>\n                          <\/div>\n                      <\/div>\n                     \n            <div class=\"w-full aspect-[1\/1]\">\n              <img decoding=\"async\" width=\"704\" height=\"704\" src=\"https:\/\/www.claudius-therme.de\/app\/uploads\/2025\/01\/eis-aspect-ratio-900-900-1.jpg\" class=\"w-full h-full object-cover position-center\" alt=\"Cooling off phase\" srcset=\"https:\/\/www.claudius-therme.de\/app\/uploads\/2025\/01\/eis-aspect-ratio-900-900-1.jpg 704w, https:\/\/www.claudius-therme.de\/app\/uploads\/2025\/01\/eis-aspect-ratio-900-900-1-150x150.jpg 150w, https:\/\/www.claudius-therme.de\/app\/uploads\/2025\/01\/eis-aspect-ratio-900-900-1-300x300.jpg 300w\" sizes=\"(max-width: 704px) 100vw, 704px\" \/>            <\/div>\n                  <\/article>\n\n      \n                <article class=\"teasercard_ w-full  overflow-hidden flex flex-col-reverse delay-[300ms] duration-[600ms] taos:scale-[0.9] taos:opacity-0 [animation-iteration-count:infinite]\" data-taos-offset=\"0\">\n\n          <div class=\"py-6 flex flex-col gap-3  justify-between h-full\">\n            <div class=\"flex flex-col gap-3 \">\n              <h4 class=\"hl-4  my-0\">Resting phase<\/h4>\n                              <div class=\"tx-3  my-0 wysiwyg-content-text\"><p>The resting phase is where the recuperative effect of the sauna session comes into play. Take at least as much time to rest as you have previously spent in the heat. Please behave in such a way that other guests do not feel disturbed during their resting period.  <\/p>\n<\/div>\n                          <\/div>\n                      <\/div>\n                     \n            <div class=\"w-full aspect-[1\/1]\">\n              <img decoding=\"async\" width=\"1024\" height=\"1024\" src=\"https:\/\/www.claudius-therme.de\/app\/uploads\/2025\/01\/ruhen-aspect-ratio-900-900-1024x1024.jpg\" class=\"w-full h-full object-cover position-center\" alt=\"Ein Ruheraum mit mehreren Liegen und Zwischenw\u00e4nden aus Papier, in denen Licht scheint. Der Raum ist halbdunkel und hat zwei Fenster mit roten, transparenten Gardinen\" srcset=\"https:\/\/www.claudius-therme.de\/app\/uploads\/2025\/01\/ruhen-aspect-ratio-900-900-1024x1024.jpg 1024w, https:\/\/www.claudius-therme.de\/app\/uploads\/2025\/01\/ruhen-aspect-ratio-900-900-150x150.jpg 150w, https:\/\/www.claudius-therme.de\/app\/uploads\/2025\/01\/ruhen-aspect-ratio-900-900-300x300.jpg 300w, https:\/\/www.claudius-therme.de\/app\/uploads\/2025\/01\/ruhen-aspect-ratio-900-900-768x768.jpg 768w, https:\/\/www.claudius-therme.de\/app\/uploads\/2025\/01\/ruhen-aspect-ratio-900-900-1536x1536.jpg 1536w, https:\/\/www.claudius-therme.de\/app\/uploads\/2025\/01\/ruhen-aspect-ratio-900-900-1000x1000.jpg 1000w, https:\/\/www.claudius-therme.de\/app\/uploads\/2025\/01\/ruhen-aspect-ratio-900-900-1200x1200.jpg 1200w, https:\/\/www.claudius-therme.de\/app\/uploads\/2025\/01\/ruhen-aspect-ratio-900-900-900x900.jpg 900w, https:\/\/www.claudius-therme.de\/app\/uploads\/2025\/01\/ruhen-aspect-ratio-900-900.jpg 1659w\" sizes=\"(max-width: 1024px) 100vw, 1024px\" \/>            <\/div>\n                  <\/article>\n\n          <\/div>\n  <\/div>\n<\/div>\n\n<div class=\"ce-section px-3  bg-blue-l text-blue-d \">\n  <div class=\"container\">\n        <div class=\"grid grids-cols-1 md:grid-cols-2 lg:grid-cols-2 gap-6 justify-center \">\n      \n                <article class=\"teasercard_ w-full  overflow-hidden flex flex-col-reverse delay-[300ms] duration-[600ms] taos:scale-[0.9] taos:opacity-0 [animation-iteration-count:infinite]\" data-taos-offset=\"0\">\n\n          <div class=\"py-6 flex flex-col gap-3  justify-between h-full\">\n            <div class=\"flex flex-col gap-3 \">\n              <h4 class=\"hl-4  my-0\">Aufguss sessions<\/h4>\n                              <div class=\"tx-3  my-0 wysiwyg-content-text\"><p>In the Claudius Therme, you can enjoy relaxing and quiet Aufguss sessions every hour. Please note the schedule of the latest Aufguss sessions in the sauna area. We ask that you arrive at the respective Aufguss sauna in good time to avoid any interruptions. Unfortunately, you will not be allowed to enter once the Aufguss session has started.   <\/p>\n<\/div>\n                          <\/div>\n                          <div>\n                <a tabindex=\"0\" href=\"https:\/\/www.claudius-therme.de\/en\/sauna-area\/anwendungen-zeremonien\/\" class=\"group btn -secondary \" target=\"\">\n                  <span class=\"relative\">\n                    \n                    Go to the treatments &amp; ceremonies                    \n                  <\/span>\n                <\/a>\n              <\/div>\n                      <\/div>\n                  <\/article>\n\n      \n                <article class=\"teasercard_ w-full  overflow-hidden flex flex-col-reverse delay-[300ms] duration-[600ms] taos:scale-[0.9] taos:opacity-0 [animation-iteration-count:infinite]\" data-taos-offset=\"0\">\n\n          <div class=\"py-6 flex flex-col gap-3  justify-between h-full\">\n            <div class=\"flex flex-col gap-3 \">\n              <h4 class=\"hl-4  my-0\">General well-being<\/h4>\n                              <div class=\"tx-3  my-0 wysiwyg-content-text\"><p>Since your body loses a lot of fluid in the sauna, we advise you to drink plenty of fluids before every sauna session. This also aids the detoxification process. If you feel unwell or suffer from any cardiovascular diseases, you should consult a doctor before visiting the sauna. Our staff members are always available to answer your questions and make suggestions. We wish you lots of fun and a relaxing visit to the Claudius Therme.    <\/p>\n<\/div>\n                          <\/div>\n                          <div>\n                <a tabindex=\"0\" href=\"https:\/\/claudius-therme.de\/en\/gastronomy\/food-drinks\/\" class=\"group btn -secondary \" target=\"\">\n                  <span class=\"relative\">\n                    \n                    View drinks menu                    \n                  <\/span>\n                <\/a>\n              <\/div>\n                      <\/div>\n                  <\/article>\n\n          <\/div>\n  <\/div>\n<\/div>","protected":false},"excerpt":{"rendered":"","protected":false},"author":2,"featured_media":0,"parent":0,"menu_order":0,"comment_status":"closed","ping_status":"closed","template":"","meta":{"_acf_changed":false,"footnotes":""},"class_list":["post-4051","page","type-page","status-publish","hentry"],"acf":[],"yoast_head":"<!-- This site is optimized with the Yoast SEO plugin v27.4 - https:\/\/yoast.com\/product\/yoast-seo-wordpress\/ -->\n<title>Sauna etiquette | Claudius Therme K\u00f6ln<\/title>\n<meta name=\"description\" content=\"Relaxation and enjoyment in a pleasant atmosphere at the Claudius Therme. Our guidelines ensure that all guests feel at home.\" \/>\n<meta name=\"robots\" content=\"index, follow, max-snippet:-1, max-image-preview:large, max-video-preview:-1\" \/>\n<link rel=\"canonical\" href=\"https:\/\/www.claudius-therme.de\/en\/sauna-etiquette\/\" \/>\n<meta property=\"og:locale\" content=\"en_US\" \/>\n<meta property=\"og:type\" content=\"article\" \/>\n<meta property=\"og:title\" content=\"Sauna etiquette | Claudius Therme K\u00f6ln\" \/>\n<meta property=\"og:description\" content=\"Relaxation and enjoyment in a pleasant atmosphere at the Claudius Therme. Our guidelines ensure that all guests feel at home.\" \/>\n<meta property=\"og:url\" content=\"https:\/\/www.claudius-therme.de\/en\/sauna-etiquette\/\" \/>\n<meta property=\"og:site_name\" content=\"Claudius Therme K\u00f6ln\" \/>\n<meta property=\"article:modified_time\" content=\"2025-04-28T15:21:48+00:00\" \/>\n<meta name=\"twitter:card\" content=\"summary_large_image\" \/>\n<script type=\"application\/ld+json\" class=\"yoast-schema-graph\">{\"@context\":\"https:\\\/\\\/schema.org\",\"@graph\":[{\"@type\":\"WebPage\",\"@id\":\"https:\\\/\\\/www.claudius-therme.de\\\/en\\\/sauna-etiquette\\\/\",\"url\":\"https:\\\/\\\/www.claudius-therme.de\\\/en\\\/sauna-etiquette\\\/\",\"name\":\"Sauna etiquette | Claudius Therme K\u00f6ln\",\"isPartOf\":{\"@id\":\"https:\\\/\\\/www.claudius-therme.de\\\/en\\\/#website\"},\"datePublished\":\"2025-01-19T14:32:43+00:00\",\"dateModified\":\"2025-04-28T15:21:48+00:00\",\"description\":\"Relaxation and enjoyment in a pleasant atmosphere at the Claudius Therme. Our guidelines ensure that all guests feel at home.\",\"breadcrumb\":{\"@id\":\"https:\\\/\\\/www.claudius-therme.de\\\/en\\\/sauna-etiquette\\\/#breadcrumb\"},\"inLanguage\":\"en-US\",\"potentialAction\":[{\"@type\":\"ReadAction\",\"target\":[\"https:\\\/\\\/www.claudius-therme.de\\\/en\\\/sauna-etiquette\\\/\"]}]},{\"@type\":\"BreadcrumbList\",\"@id\":\"https:\\\/\\\/www.claudius-therme.de\\\/en\\\/sauna-etiquette\\\/#breadcrumb\",\"itemListElement\":[{\"@type\":\"ListItem\",\"position\":1,\"name\":\"Startseite\",\"item\":\"https:\\\/\\\/www.claudius-therme.de\\\/en\\\/\"},{\"@type\":\"ListItem\",\"position\":2,\"name\":\"Sauna etiquette\"}]},{\"@type\":\"WebSite\",\"@id\":\"https:\\\/\\\/www.claudius-therme.de\\\/en\\\/#website\",\"url\":\"https:\\\/\\\/www.claudius-therme.de\\\/en\\\/\",\"name\":\"Claudius Therme K\u00f6ln | Wellness mit Blick auf den Dom\",\"description\":\"\",\"potentialAction\":[{\"@type\":\"SearchAction\",\"target\":{\"@type\":\"EntryPoint\",\"urlTemplate\":\"https:\\\/\\\/www.claudius-therme.de\\\/en\\\/?s={search_term_string}\"},\"query-input\":{\"@type\":\"PropertyValueSpecification\",\"valueRequired\":true,\"valueName\":\"search_term_string\"}}],\"inLanguage\":\"en-US\"}]}<\/script>\n<!-- \/ Yoast SEO plugin. -->","yoast_head_json":{"title":"Sauna etiquette | Claudius Therme K\u00f6ln","description":"Relaxation and enjoyment in a pleasant atmosphere at the Claudius Therme. Our guidelines ensure that all guests feel at home.","robots":{"index":"index","follow":"follow","max-snippet":"max-snippet:-1","max-image-preview":"max-image-preview:large","max-video-preview":"max-video-preview:-1"},"canonical":"https:\/\/www.claudius-therme.de\/en\/sauna-etiquette\/","og_locale":"en_US","og_type":"article","og_title":"Sauna etiquette | Claudius Therme K\u00f6ln","og_description":"Relaxation and enjoyment in a pleasant atmosphere at the Claudius Therme. Our guidelines ensure that all guests feel at home.","og_url":"https:\/\/www.claudius-therme.de\/en\/sauna-etiquette\/","og_site_name":"Claudius Therme K\u00f6ln","article_modified_time":"2025-04-28T15:21:48+00:00","twitter_card":"summary_large_image","schema":{"@context":"https:\/\/schema.org","@graph":[{"@type":"WebPage","@id":"https:\/\/www.claudius-therme.de\/en\/sauna-etiquette\/","url":"https:\/\/www.claudius-therme.de\/en\/sauna-etiquette\/","name":"Sauna etiquette | Claudius Therme K\u00f6ln","isPartOf":{"@id":"https:\/\/www.claudius-therme.de\/en\/#website"},"datePublished":"2025-01-19T14:32:43+00:00","dateModified":"2025-04-28T15:21:48+00:00","description":"Relaxation and enjoyment in a pleasant atmosphere at the Claudius Therme. Our guidelines ensure that all guests feel at home.","breadcrumb":{"@id":"https:\/\/www.claudius-therme.de\/en\/sauna-etiquette\/#breadcrumb"},"inLanguage":"en-US","potentialAction":[{"@type":"ReadAction","target":["https:\/\/www.claudius-therme.de\/en\/sauna-etiquette\/"]}]},{"@type":"BreadcrumbList","@id":"https:\/\/www.claudius-therme.de\/en\/sauna-etiquette\/#breadcrumb","itemListElement":[{"@type":"ListItem","position":1,"name":"Startseite","item":"https:\/\/www.claudius-therme.de\/en\/"},{"@type":"ListItem","position":2,"name":"Sauna etiquette"}]},{"@type":"WebSite","@id":"https:\/\/www.claudius-therme.de\/en\/#website","url":"https:\/\/www.claudius-therme.de\/en\/","name":"Claudius Therme K\u00f6ln | Wellness mit Blick auf den Dom","description":"","potentialAction":[{"@type":"SearchAction","target":{"@type":"EntryPoint","urlTemplate":"https:\/\/www.claudius-therme.de\/en\/?s={search_term_string}"},"query-input":{"@type":"PropertyValueSpecification","valueRequired":true,"valueName":"search_term_string"}}],"inLanguage":"en-US"}]}},"_links":{"self":[{"href":"https:\/\/www.claudius-therme.de\/en\/wp-json\/wp\/v2\/pages\/4051","targetHints":{"allow":["GET"]}}],"collection":[{"href":"https:\/\/www.claudius-therme.de\/en\/wp-json\/wp\/v2\/pages"}],"about":[{"href":"https:\/\/www.claudius-therme.de\/en\/wp-json\/wp\/v2\/types\/page"}],"author":[{"embeddable":true,"href":"https:\/\/www.claudius-therme.de\/en\/wp-json\/wp\/v2\/users\/2"}],"replies":[{"embeddable":true,"href":"https:\/\/www.claudius-therme.de\/en\/wp-json\/wp\/v2\/comments?post=4051"}],"version-history":[{"count":4,"href":"https:\/\/www.claudius-therme.de\/en\/wp-json\/wp\/v2\/pages\/4051\/revisions"}],"predecessor-version":[{"id":4611,"href":"https:\/\/www.claudius-therme.de\/en\/wp-json\/wp\/v2\/pages\/4051\/revisions\/4611"}],"wp:attachment":[{"href":"https:\/\/www.claudius-therme.de\/en\/wp-json\/wp\/v2\/media?parent=4051"}],"curies":[{"name":"wp","href":"https:\/\/api.w.org\/{rel}","templated":true}]}}