{"id":4319,"date":"2025-01-09T07:34:07","date_gmt":"2025-01-09T06:34:07","guid":{"rendered":"https:\/\/claudius-therme.de\/beauty-wellness\/cosmetics\/"},"modified":"2025-04-27T12:48:15","modified_gmt":"2025-04-27T10:48:15","slug":"cosmetics","status":"publish","type":"page","link":"https:\/\/www.claudius-therme.de\/en\/beauty-wellness\/cosmetics\/","title":{"rendered":"Cosmetics"},"content":{"rendered":"\n<div class=\"stage  max-h-[32rem] \">\n  <div class=\"w-full lg:w-50  max-h-[32rem] overflow-hidden relative\">\n    <div class=\"w-full aspect-[5\/2] max-h-[32rem] \">\n      <img decoding=\"async\" width=\"1536\" height=\"384\" src=\"https:\/\/www.claudius-therme.de\/app\/uploads\/2025\/02\/Hero-Kosmetik.jpg\" class=\"scale-[1.1] w-full h-full object-cover position-center  duration-[600ms] taos:scale-[1.1] [animation-iteration-count:infinite]\" alt=\"Eine dunkelhaarige, junge Frau liegt auf dem R\u00fccken. Eine andere Person in einem wei\u00dfen Shirt streicht ihr mit einem schwarzen Pinsel eine Maske ins Gesicht\" srcset=\"https:\/\/www.claudius-therme.de\/app\/uploads\/2025\/02\/Hero-Kosmetik.jpg 1536w, https:\/\/www.claudius-therme.de\/app\/uploads\/2025\/02\/Hero-Kosmetik-300x75.jpg 300w, https:\/\/www.claudius-therme.de\/app\/uploads\/2025\/02\/Hero-Kosmetik-1024x256.jpg 1024w, https:\/\/www.claudius-therme.de\/app\/uploads\/2025\/02\/Hero-Kosmetik-768x192.jpg 768w, https:\/\/www.claudius-therme.de\/app\/uploads\/2025\/02\/Hero-Kosmetik-1000x250.jpg 1000w\" sizes=\"(max-width: 1536px) 100vw, 1536px\" \/>    <\/div>\n\n    <!--  -->\n<\/div>\n\n<\/div>\n<div class=\"ce-section px-3 text-blue-d bg-gray-m text-left\" id=\"\">\n  <div class=\"container grid grid-cols-6\">\n        <div class=\"col-span-6 md:col-span-4 flex flex-col gap-5 \">\n              <h1 class=\"hl-3\">Cosmetic treatments.<\/h1>\n                          <div class=\" tx-5 wysiwyg-content-text\"><p>Enjoy a wonderful care experience for your skin: our Sothys institutional treatments.<\/p>\n<\/div>\n          <\/div>\n\n  <\/div>\n<\/div>\n  <div class=\"ce-section bg-gray-m py-4 my-24\">\n    <div class=\"container py-8 px-4 xl:px-0\">\n                        <div class=\"grid grid-cols-1 md:grid-cols-2 lg:grid-cols-3 gap-6\">\n                          <div class=\" bg-white shadow-lg rounded-lg p-6 flex flex-col gap-4 justify-between\">\n                <div class=\"flex flex-col\">\n                  <h3 class=\"hl-4 mb-3 text-brown-m\">Facial treatment, 30 min<\/h3>\n                  <p class=\"tx-5 my-3 text-blue-d\">\n                    \u20ac 63.00                  <\/p>\n                  <p class=\"tx-3 mt-4\">Gentle cleansing, exfoliation, rich cream mask with gentle facial massage, ampoule and moisturising finishing treatment. <\/p>\n                <\/div>\n                <div class=\"flex flex-col gap-4\">\n                  <a href=\"\/en\/booking-wellness\/\" class=\"btn -primary justify-center\">\n                    <span>Behandlungstermin buchen<\/span>\n                  <\/a>\n                  <button aria-label=\"As a gift voucher\" class=\"btn -secondary js-shop-buy justify-center\" data-article=\"283\">\n                    <span>Gift Card<\/span>\n                  <\/button>\n                <\/div>\n\n              <\/div>\n                          <div class=\" bg-white shadow-lg rounded-lg p-6 flex flex-col gap-4 justify-between\">\n                <div class=\"flex flex-col\">\n                  <h3 class=\"hl-4 mb-3 text-brown-m\">Facial treatment, 40 min.<\/h3>\n                  <p class=\"tx-5 my-3 text-blue-d\">\n                    \u20ac 72.00                  <\/p>\n                  <p class=\"tx-3 mt-4\">Gentle cleansing, exfoliation, extraction, rich cream mask cream mask, ampoule and moisturising finishing finishing treatment. <\/p>\n                <\/div>\n                <div class=\"flex flex-col gap-4\">\n                  <a href=\"\/en\/booking-wellness\/\" class=\"btn -primary justify-center\">\n                    <span>Behandlungstermin buchen<\/span>\n                  <\/a>\n                  <button aria-label=\"As a gift voucher\" class=\"btn -secondary js-shop-buy justify-center\" data-article=\"307\">\n                    <span>Gift Card<\/span>\n                  <\/button>\n                <\/div>\n\n              <\/div>\n                          <div class=\" bg-white shadow-lg rounded-lg p-6 flex flex-col gap-4 justify-between\">\n                <div class=\"flex flex-col\">\n                  <h3 class=\"hl-4 mb-3 text-brown-m\">Facial treatment, 60 min<\/h3>\n                  <p class=\"tx-5 my-3 text-blue-d\">\n                    \u20ac 109.00                  <\/p>\n                  <p class=\"tx-3 mt-4\">Gentle cleansing, exfoliation, extraction, eyebrow correction, eyelash or eyebrow tinting, soothing facial and d\u00e9collet\u00e9 massage, mask, ampoule and moisturizing finishing treatment.<\/p>\n                <\/div>\n                <div class=\"flex flex-col gap-4\">\n                  <a href=\"\/en\/booking-wellness\/\" class=\"btn -primary justify-center\">\n                    <span>Behandlungstermin buchen<\/span>\n                  <\/a>\n                  <button aria-label=\"As a gift voucher\" class=\"btn -secondary js-shop-buy justify-center\" data-article=\"2412\">\n                    <span>Gift Card<\/span>\n                  <\/button>\n                <\/div>\n\n              <\/div>\n                          <div class=\" bg-white shadow-lg rounded-lg p-6 flex flex-col gap-4 justify-between\">\n                <div class=\"flex flex-col\">\n                  <h3 class=\"hl-4 mb-3 text-brown-m\">Sothys seasonal treatment 50 min. <\/h3>\n                  <p class=\"tx-5 my-3 text-blue-d\">\n                    \u20ac 94.00                  <\/p>\n                  <p class=\"tx-3 mt-4\">\u201cGourmet\u201d treatment with valuable plant-based ingredients. Your skin is optimally nourished, supple, soft and fresh. Skin cleansing, exfoliation, relaxing massage, special mask with intensive vitamin or mineral serum.<\/p>\n                <\/div>\n                <div class=\"flex flex-col gap-4\">\n                  <a href=\"\/en\/booking-wellness\/\" class=\"btn -primary justify-center\">\n                    <span>Behandlungstermin buchen<\/span>\n                  <\/a>\n                  <button aria-label=\"As a gift voucher\" class=\"btn -secondary js-shop-buy justify-center\" data-article=\"2554\">\n                    <span>Gift Card<\/span>\n                  <\/button>\n                <\/div>\n\n              <\/div>\n                          <div class=\" bg-white shadow-lg rounded-lg p-6 flex flex-col gap-4 justify-between\">\n                <div class=\"flex flex-col\">\n                  <h3 class=\"hl-4 mb-3 text-brown-m\">Hanakasumi body treatment, 60 min.<\/h3>\n                  <p class=\"tx-5 my-3 text-blue-d\">\n                    \u20ac 106.00                  <\/p>\n                  <p class=\"tx-3 mt-4\">This unique care ritual is inspired by the Japanese bathing tradition. The body scrub with gloves or towels is followed by a relaxing full-body massage with the delicate spring scents of cherries and lotus blossoms. <\/p>\n                <\/div>\n                <div class=\"flex flex-col gap-4\">\n                  <a href=\"\/en\/booking-wellness\/\" class=\"btn -primary justify-center\">\n                    <span>Behandlungstermin buchen<\/span>\n                  <\/a>\n                  <button aria-label=\"As a gift voucher\" class=\"btn -secondary js-shop-buy justify-center\" data-article=\"2726\">\n                    <span>Gift Card<\/span>\n                  <\/button>\n                <\/div>\n\n              <\/div>\n                      <\/div>\n                  <\/div>\n  <\/div>\n\n\n\n<div class=\"ce-section px-3 text-blue-d bg-blue-l text-left\" id=\"\">\n  <div class=\"container grid grid-cols-6\">\n        <div class=\"col-span-6 md:col-span-4 flex flex-col gap-5 \">\n              <h2 class=\"hl-3\">Discover more offers from our beauty &amp; wellness area<\/h2>\n                      <\/div>\n\n  <\/div>\n<\/div>\n\n<div class=\"ce-section px-3  bg-blue-l text-blue-d \">\n  <div class=\"container\">\n        <div class=\"grid grids-cols-1 md:grid-cols-2 lg:grid-cols-3 gap-6 justify-center \">\n      \n                <article class=\"teasercard_ w-full  overflow-hidden flex flex-col-reverse delay-[300ms] duration-[600ms] taos:scale-[0.9] taos:opacity-0 [animation-iteration-count:infinite]\" data-taos-offset=\"0\">\n\n          <div class=\"py-6 flex flex-col gap-3  justify-between h-full\">\n            <div class=\"flex flex-col gap-3 \">\n              <h4 class=\"hl-4  my-0\">Our massages<\/h4>\n                              <div class=\"tx-3  my-0 wysiwyg-content-text\"><p>Look forward to classic partial and full body massages, or exotic feel-good treatments. On nice warm days, we also offer some of our massages in the open air. <\/p>\n<\/div>\n                          <\/div>\n                          <div>\n                <a tabindex=\"0\" href=\"https:\/\/claudius-therme.de\/beauty-wellness\/massagen\/\" class=\"group btn -textlink \" target=\"\">\n                  <span class=\"relative\">\n                    \n                    To the overview of massages                                          <svg class=\"transition-all absolute right-0 z-20 group-hover:-right-2 \" width=\"18\" height=\"15\" viewBox=\"0 0 18 15\" fill=\"none\" xmlns=\"http:\/\/www.w3.org\/2000\/svg\">\n                        <path fill-rule=\"evenodd\" clip-rule=\"evenodd\" d=\"M11.3431 0.292893L17.7071 6.65685C18.0976 7.04738 18.0976 7.68054 17.7071 8.07107L11.3431 14.435C10.9526 14.8256 10.3195 14.8256 9.92893 14.435C9.53841 14.0445 9.53841 13.4113 9.92893 13.0208L14.5858 8.36396H1C0.447715 8.36396 0 7.91625 0 7.36396C0 6.81168 0.447715 6.36396 1 6.36396H14.5858L9.92893 1.70711C9.53841 1.31658 9.53841 0.683418 9.92893 0.292893C10.3195 -0.0976311 10.9526 -0.0976311 11.3431 0.292893Z\" fill=\"currentColor\" \/>\n                      <\/svg>\n                    \n                  <\/span>\n                <\/a>\n              <\/div>\n                      <\/div>\n                     \n            <div class=\"w-full aspect-[1\/1]\">\n              <img decoding=\"async\" width=\"829\" height=\"829\" src=\"https:\/\/www.claudius-therme.de\/app\/uploads\/2025\/02\/Hero-Massage-aspect-ratio-900-900-2.jpg\" class=\"w-full h-full object-cover position-center\" alt=\"Eine blonde Frau liegt mit einem wei\u00dfen Handtuch um die H\u00fcfte auf dem Bauch. Eine Frau im schwarzen Shirt ber\u00fchrt den R\u00fccken mit einer Hand, mit der anderen gie\u00dft sie \u00d6l aus einer Glasflasche auf den R\u00fccken\" srcset=\"https:\/\/www.claudius-therme.de\/app\/uploads\/2025\/02\/Hero-Massage-aspect-ratio-900-900-2.jpg 829w, https:\/\/www.claudius-therme.de\/app\/uploads\/2025\/02\/Hero-Massage-aspect-ratio-900-900-2-300x300.jpg 300w, https:\/\/www.claudius-therme.de\/app\/uploads\/2025\/02\/Hero-Massage-aspect-ratio-900-900-2-150x150.jpg 150w, https:\/\/www.claudius-therme.de\/app\/uploads\/2025\/02\/Hero-Massage-aspect-ratio-900-900-2-768x768.jpg 768w\" sizes=\"(max-width: 829px) 100vw, 829px\" \/>            <\/div>\n                  <\/article>\n\n      \n                <article class=\"teasercard_ w-full  overflow-hidden flex flex-col-reverse delay-[300ms] duration-[600ms] taos:scale-[0.9] taos:opacity-0 [animation-iteration-count:infinite]\" data-taos-offset=\"0\">\n\n          <div class=\"py-6 flex flex-col gap-3  justify-between h-full\">\n            <div class=\"flex flex-col gap-3 \">\n              <h4 class=\"hl-4  my-0\">Wellness arrangements<\/h4>\n                              <div class=\"tx-3  my-0 wysiwyg-content-text\"><p>Our wellness packages offer a few hours of exclusive relaxation: they are different arrangements that combine a visit to the thermal spa and sauna facilities with soothing treatments and enjoyment.<\/p>\n<\/div>\n                          <\/div>\n                          <div>\n                <a tabindex=\"0\" href=\"https:\/\/claudius-therme.de\/beauty-wellness\/wellness-arrangements\/\" class=\"group btn -textlink \" target=\"\">\n                  <span class=\"relative\">\n                    \n                    To the overview of wellness packages                                          <svg class=\"transition-all absolute right-0 z-20 group-hover:-right-2 \" width=\"18\" height=\"15\" viewBox=\"0 0 18 15\" fill=\"none\" xmlns=\"http:\/\/www.w3.org\/2000\/svg\">\n                        <path fill-rule=\"evenodd\" clip-rule=\"evenodd\" d=\"M11.3431 0.292893L17.7071 6.65685C18.0976 7.04738 18.0976 7.68054 17.7071 8.07107L11.3431 14.435C10.9526 14.8256 10.3195 14.8256 9.92893 14.435C9.53841 14.0445 9.53841 13.4113 9.92893 13.0208L14.5858 8.36396H1C0.447715 8.36396 0 7.91625 0 7.36396C0 6.81168 0.447715 6.36396 1 6.36396H14.5858L9.92893 1.70711C9.53841 1.31658 9.53841 0.683418 9.92893 0.292893C10.3195 -0.0976311 10.9526 -0.0976311 11.3431 0.292893Z\" fill=\"currentColor\" \/>\n                      <\/svg>\n                    \n                  <\/span>\n                <\/a>\n              <\/div>\n                      <\/div>\n                     \n            <div class=\"w-full aspect-[1\/1]\">\n              <img decoding=\"async\" width=\"1024\" height=\"1024\" src=\"https:\/\/www.claudius-therme.de\/app\/uploads\/2025\/02\/DaySpa1-e1739977310269-aspect-ratio-900-900-1-1024x1024.jpg\" class=\"w-full h-full object-cover position-center\" alt=\"Eine Frau und ein Mann in wei\u00dfen Badem\u00e4nteln gehen durch einen sonnigen Garten\" srcset=\"https:\/\/www.claudius-therme.de\/app\/uploads\/2025\/02\/DaySpa1-e1739977310269-aspect-ratio-900-900-1-1024x1024.jpg 1024w, https:\/\/www.claudius-therme.de\/app\/uploads\/2025\/02\/DaySpa1-e1739977310269-aspect-ratio-900-900-1-300x300.jpg 300w, https:\/\/www.claudius-therme.de\/app\/uploads\/2025\/02\/DaySpa1-e1739977310269-aspect-ratio-900-900-1-150x150.jpg 150w, https:\/\/www.claudius-therme.de\/app\/uploads\/2025\/02\/DaySpa1-e1739977310269-aspect-ratio-900-900-1-768x768.jpg 768w, https:\/\/www.claudius-therme.de\/app\/uploads\/2025\/02\/DaySpa1-e1739977310269-aspect-ratio-900-900-1-1536x1536.jpg 1536w, https:\/\/www.claudius-therme.de\/app\/uploads\/2025\/02\/DaySpa1-e1739977310269-aspect-ratio-900-900-1-1000x1000.jpg 1000w, https:\/\/www.claudius-therme.de\/app\/uploads\/2025\/02\/DaySpa1-e1739977310269-aspect-ratio-900-900-1-1200x1200.jpg 1200w, https:\/\/www.claudius-therme.de\/app\/uploads\/2025\/02\/DaySpa1-e1739977310269-aspect-ratio-900-900-1-900x900.jpg 900w, https:\/\/www.claudius-therme.de\/app\/uploads\/2025\/02\/DaySpa1-e1739977310269-aspect-ratio-900-900-1.jpg 2001w\" sizes=\"(max-width: 1024px) 100vw, 1024px\" \/>            <\/div>\n                  <\/article>\n\n      \n                <article class=\"teasercard_ w-full  overflow-hidden flex flex-col-reverse delay-[300ms] duration-[600ms] taos:scale-[0.9] taos:opacity-0 [animation-iteration-count:infinite]\" data-taos-offset=\"0\">\n\n          <div class=\"py-6 flex flex-col gap-3  justify-between h-full\">\n            <div class=\"flex flex-col gap-3 \">\n              <h4 class=\"hl-4  my-0\">Beauty &amp; Wellness<\/h4>\n                              <div class=\"tx-3  my-0 wysiwyg-content-text\"><p>In the Claudius Therme wellness area, we offer exclusive body treatments, varied wellness packages and gentle pampering and wellness programs.<\/p>\n<\/div>\n                          <\/div>\n                          <div>\n                <a tabindex=\"0\" href=\"https:\/\/claudius-therme.de\/beauty-wellness\/\" class=\"group btn -textlink \" target=\"\">\n                  <span class=\"relative\">\n                    \n                    Discover beauty &amp; wellness                                          <svg class=\"transition-all absolute right-0 z-20 group-hover:-right-2 \" width=\"18\" height=\"15\" viewBox=\"0 0 18 15\" fill=\"none\" xmlns=\"http:\/\/www.w3.org\/2000\/svg\">\n                        <path fill-rule=\"evenodd\" clip-rule=\"evenodd\" d=\"M11.3431 0.292893L17.7071 6.65685C18.0976 7.04738 18.0976 7.68054 17.7071 8.07107L11.3431 14.435C10.9526 14.8256 10.3195 14.8256 9.92893 14.435C9.53841 14.0445 9.53841 13.4113 9.92893 13.0208L14.5858 8.36396H1C0.447715 8.36396 0 7.91625 0 7.36396C0 6.81168 0.447715 6.36396 1 6.36396H14.5858L9.92893 1.70711C9.53841 1.31658 9.53841 0.683418 9.92893 0.292893C10.3195 -0.0976311 10.9526 -0.0976311 11.3431 0.292893Z\" fill=\"currentColor\" \/>\n                      <\/svg>\n                    \n                  <\/span>\n                <\/a>\n              <\/div>\n                      <\/div>\n                     \n            <div class=\"w-full aspect-[1\/1]\">\n              <img decoding=\"async\" width=\"436\" height=\"436\" src=\"https:\/\/www.claudius-therme.de\/app\/uploads\/2025\/02\/Hero-Beauty-e1737136731740-aspect-ratio-900-900-2.jpg\" class=\"w-full h-full object-cover position-center\" alt=\"Eine junge Frau im wei\u00dfen Bademantel sitzt auf einem Bett. Im Vordergrund sind zwei brennende Kerzen\" srcset=\"https:\/\/www.claudius-therme.de\/app\/uploads\/2025\/02\/Hero-Beauty-e1737136731740-aspect-ratio-900-900-2.jpg 436w, https:\/\/www.claudius-therme.de\/app\/uploads\/2025\/02\/Hero-Beauty-e1737136731740-aspect-ratio-900-900-2-300x300.jpg 300w, https:\/\/www.claudius-therme.de\/app\/uploads\/2025\/02\/Hero-Beauty-e1737136731740-aspect-ratio-900-900-2-150x150.jpg 150w\" sizes=\"(max-width: 436px) 100vw, 436px\" \/>            <\/div>\n                  <\/article>\n\n          <\/div>\n  <\/div>\n<\/div>","protected":false},"excerpt":{"rendered":"","protected":false},"author":1,"featured_media":0,"parent":3652,"menu_order":0,"comment_status":"closed","ping_status":"closed","template":"","meta":{"_acf_changed":false,"footnotes":""},"class_list":["post-4319","page","type-page","status-publish","hentry"],"acf":[],"yoast_head":"<!-- This site is optimized with the Yoast SEO plugin v27.4 - https:\/\/yoast.com\/product\/yoast-seo-wordpress\/ -->\n<title>Cosmetics | Claudius Therme K\u00f6ln<\/title>\n<meta name=\"description\" content=\"Enjoy a wonderful skin care experience with our Sothys cosmetic treatments for body and face\" \/>\n<meta name=\"robots\" content=\"index, follow, max-snippet:-1, max-image-preview:large, max-video-preview:-1\" \/>\n<link rel=\"canonical\" href=\"https:\/\/www.claudius-therme.de\/en\/beauty-wellness\/cosmetics\/\" \/>\n<meta property=\"og:locale\" content=\"en_US\" \/>\n<meta property=\"og:type\" content=\"article\" \/>\n<meta property=\"og:title\" content=\"Cosmetics | Claudius Therme K\u00f6ln\" \/>\n<meta property=\"og:description\" content=\"Enjoy a wonderful skin care experience with our Sothys cosmetic treatments for body and face\" \/>\n<meta property=\"og:url\" content=\"https:\/\/www.claudius-therme.de\/en\/beauty-wellness\/cosmetics\/\" \/>\n<meta property=\"og:site_name\" content=\"Claudius Therme K\u00f6ln\" \/>\n<meta property=\"article:modified_time\" content=\"2025-04-27T10:48:15+00:00\" \/>\n<meta name=\"twitter:card\" content=\"summary_large_image\" \/>\n<script type=\"application\/ld+json\" class=\"yoast-schema-graph\">{\"@context\":\"https:\\\/\\\/schema.org\",\"@graph\":[{\"@type\":\"WebPage\",\"@id\":\"https:\\\/\\\/www.claudius-therme.de\\\/en\\\/beauty-wellness\\\/cosmetics\\\/\",\"url\":\"https:\\\/\\\/www.claudius-therme.de\\\/en\\\/beauty-wellness\\\/cosmetics\\\/\",\"name\":\"Cosmetics | Claudius Therme K\u00f6ln\",\"isPartOf\":{\"@id\":\"https:\\\/\\\/www.claudius-therme.de\\\/en\\\/#website\"},\"datePublished\":\"2025-01-09T06:34:07+00:00\",\"dateModified\":\"2025-04-27T10:48:15+00:00\",\"description\":\"Enjoy a wonderful skin care experience with our Sothys cosmetic treatments for body and face\",\"breadcrumb\":{\"@id\":\"https:\\\/\\\/www.claudius-therme.de\\\/en\\\/beauty-wellness\\\/cosmetics\\\/#breadcrumb\"},\"inLanguage\":\"en-US\",\"potentialAction\":[{\"@type\":\"ReadAction\",\"target\":[\"https:\\\/\\\/www.claudius-therme.de\\\/en\\\/beauty-wellness\\\/cosmetics\\\/\"]}]},{\"@type\":\"BreadcrumbList\",\"@id\":\"https:\\\/\\\/www.claudius-therme.de\\\/en\\\/beauty-wellness\\\/cosmetics\\\/#breadcrumb\",\"itemListElement\":[{\"@type\":\"ListItem\",\"position\":1,\"name\":\"Startseite\",\"item\":\"https:\\\/\\\/www.claudius-therme.de\\\/en\\\/\"},{\"@type\":\"ListItem\",\"position\":2,\"name\":\"Beauty &amp; Wellness\",\"item\":\"https:\\\/\\\/www.claudius-therme.de\\\/en\\\/beauty-wellness\\\/\"},{\"@type\":\"ListItem\",\"position\":3,\"name\":\"Cosmetics\"}]},{\"@type\":\"WebSite\",\"@id\":\"https:\\\/\\\/www.claudius-therme.de\\\/en\\\/#website\",\"url\":\"https:\\\/\\\/www.claudius-therme.de\\\/en\\\/\",\"name\":\"Claudius Therme K\u00f6ln | Wellness mit Blick auf den Dom\",\"description\":\"\",\"potentialAction\":[{\"@type\":\"SearchAction\",\"target\":{\"@type\":\"EntryPoint\",\"urlTemplate\":\"https:\\\/\\\/www.claudius-therme.de\\\/en\\\/?s={search_term_string}\"},\"query-input\":{\"@type\":\"PropertyValueSpecification\",\"valueRequired\":true,\"valueName\":\"search_term_string\"}}],\"inLanguage\":\"en-US\"}]}<\/script>\n<!-- \/ Yoast SEO plugin. -->","yoast_head_json":{"title":"Cosmetics | Claudius Therme K\u00f6ln","description":"Enjoy a wonderful skin care experience with our Sothys cosmetic treatments for body and face","robots":{"index":"index","follow":"follow","max-snippet":"max-snippet:-1","max-image-preview":"max-image-preview:large","max-video-preview":"max-video-preview:-1"},"canonical":"https:\/\/www.claudius-therme.de\/en\/beauty-wellness\/cosmetics\/","og_locale":"en_US","og_type":"article","og_title":"Cosmetics | Claudius Therme K\u00f6ln","og_description":"Enjoy a wonderful skin care experience with our Sothys cosmetic treatments for body and face","og_url":"https:\/\/www.claudius-therme.de\/en\/beauty-wellness\/cosmetics\/","og_site_name":"Claudius Therme K\u00f6ln","article_modified_time":"2025-04-27T10:48:15+00:00","twitter_card":"summary_large_image","schema":{"@context":"https:\/\/schema.org","@graph":[{"@type":"WebPage","@id":"https:\/\/www.claudius-therme.de\/en\/beauty-wellness\/cosmetics\/","url":"https:\/\/www.claudius-therme.de\/en\/beauty-wellness\/cosmetics\/","name":"Cosmetics | Claudius Therme K\u00f6ln","isPartOf":{"@id":"https:\/\/www.claudius-therme.de\/en\/#website"},"datePublished":"2025-01-09T06:34:07+00:00","dateModified":"2025-04-27T10:48:15+00:00","description":"Enjoy a wonderful skin care experience with our Sothys cosmetic treatments for body and face","breadcrumb":{"@id":"https:\/\/www.claudius-therme.de\/en\/beauty-wellness\/cosmetics\/#breadcrumb"},"inLanguage":"en-US","potentialAction":[{"@type":"ReadAction","target":["https:\/\/www.claudius-therme.de\/en\/beauty-wellness\/cosmetics\/"]}]},{"@type":"BreadcrumbList","@id":"https:\/\/www.claudius-therme.de\/en\/beauty-wellness\/cosmetics\/#breadcrumb","itemListElement":[{"@type":"ListItem","position":1,"name":"Startseite","item":"https:\/\/www.claudius-therme.de\/en\/"},{"@type":"ListItem","position":2,"name":"Beauty &amp; Wellness","item":"https:\/\/www.claudius-therme.de\/en\/beauty-wellness\/"},{"@type":"ListItem","position":3,"name":"Cosmetics"}]},{"@type":"WebSite","@id":"https:\/\/www.claudius-therme.de\/en\/#website","url":"https:\/\/www.claudius-therme.de\/en\/","name":"Claudius Therme K\u00f6ln | Wellness mit Blick auf den Dom","description":"","potentialAction":[{"@type":"SearchAction","target":{"@type":"EntryPoint","urlTemplate":"https:\/\/www.claudius-therme.de\/en\/?s={search_term_string}"},"query-input":{"@type":"PropertyValueSpecification","valueRequired":true,"valueName":"search_term_string"}}],"inLanguage":"en-US"}]}},"_links":{"self":[{"href":"https:\/\/www.claudius-therme.de\/en\/wp-json\/wp\/v2\/pages\/4319","targetHints":{"allow":["GET"]}}],"collection":[{"href":"https:\/\/www.claudius-therme.de\/en\/wp-json\/wp\/v2\/pages"}],"about":[{"href":"https:\/\/www.claudius-therme.de\/en\/wp-json\/wp\/v2\/types\/page"}],"author":[{"embeddable":true,"href":"https:\/\/www.claudius-therme.de\/en\/wp-json\/wp\/v2\/users\/1"}],"replies":[{"embeddable":true,"href":"https:\/\/www.claudius-therme.de\/en\/wp-json\/wp\/v2\/comments?post=4319"}],"version-history":[{"count":1,"href":"https:\/\/www.claudius-therme.de\/en\/wp-json\/wp\/v2\/pages\/4319\/revisions"}],"predecessor-version":[{"id":4323,"href":"https:\/\/www.claudius-therme.de\/en\/wp-json\/wp\/v2\/pages\/4319\/revisions\/4323"}],"up":[{"embeddable":true,"href":"https:\/\/www.claudius-therme.de\/en\/wp-json\/wp\/v2\/pages\/3652"}],"wp:attachment":[{"href":"https:\/\/www.claudius-therme.de\/en\/wp-json\/wp\/v2\/media?parent=4319"}],"curies":[{"name":"wp","href":"https:\/\/api.w.org\/{rel}","templated":true}]}}